{"id":829,"date":"2018-04-25T10:21:00","date_gmt":"2018-04-25T08:21:00","guid":{"rendered":"https:\/\/globtrans.eu\/?page_id=829"},"modified":"2018-04-25T10:43:07","modified_gmt":"2018-04-25T08:43:07","slug":"competenze-in-algeria","status":"publish","type":"page","link":"https:\/\/globtrans.eu\/it\/competenze-in-algeria\/","title":{"rendered":"Competenze in Algeria"},"content":{"rendered":"<div id=\"pl-829\"  class=\"panel-layout\" ><div id=\"pg-829-0\"  class=\"panel-grid panel-has-style\" ><div class=\"imageTxtHeader panel-row-style panel-row-style-for-829-0\" ><div id=\"pgc-829-0-0\"  class=\"panel-grid-cell panel-grid-cell-mobile-last\" ><div id=\"panel-829-0-0-0\" class=\"so-panel widget widget_sow-editor panel-first-child panel-last-child\" data-index=\"0\" ><div\n\t\t\t\n\t\t\tclass=\"so-widget-sow-editor so-widget-sow-editor-base\"\n\t\t\t\n\t\t>\n<div class=\"siteorigin-widget-tinymce textwidget\">\n\t<h1>Competenze in Algeria<\/h1>\n<p>Globtrans, un operatore riconosciuto nel trasporto di merci destinate all\u2019Algeria<\/p>\n<\/div>\n<\/div><\/div><\/div><div id=\"pgc-829-0-1\"  class=\"panel-grid-cell panel-grid-cell-empty\" ><\/div><\/div><\/div><div id=\"pg-829-1\"  class=\"panel-grid panel-has-style\" ><div class=\"subHeaderTxt panel-row-style panel-row-style-for-829-1\" ><div id=\"pgc-829-1-0\"  class=\"panel-grid-cell\" ><div id=\"panel-829-1-0-0\" class=\"so-panel widget widget_sow-editor panel-first-child panel-last-child\" data-index=\"1\" ><div\n\t\t\t\n\t\t\tclass=\"so-widget-sow-editor so-widget-sow-editor-base\"\n\t\t\t\n\t\t>\n<div class=\"siteorigin-widget-tinymce textwidget\">\n\t<h4 style=\"text-align: center;\">Le nostre competenze nel campo delle spedizioni internazionali verso l\u2019Algeria si fonda sulla perfetta padronanza del nostro ambiente.<\/h4>\n<\/div>\n<\/div><\/div><\/div><\/div><\/div><div id=\"pg-829-2\"  class=\"panel-grid panel-has-style\" ><div class=\"iconLineRow panel-row-style panel-row-style-for-829-2\" ><div id=\"pgc-829-2-0\"  class=\"panel-grid-cell\" ><div id=\"panel-829-2-0-0\" class=\"so-panel widget widget_sow-image panel-first-child panel-last-child\" data-index=\"2\" ><div\n\t\t\t\n\t\t\tclass=\"so-widget-sow-image so-widget-sow-image-default-8b5b6f678277-829\"\n\t\t\t\n\t\t>\n<div class=\"sow-image-container\">\n\t\t<img loading=\"lazy\" decoding=\"async\" src=\"https:\/\/globtrans.eu\/wp-content\/uploads\/2017\/08\/icon-red-port.png\" width=\"200\" height=\"200\" sizes=\"auto, (max-width: 200px) 100vw, 200px\" alt=\"\" \t\tclass=\"so-widget-image\"\/>\n\t<\/div>\n\n<\/div><\/div><\/div><div id=\"pgc-829-2-1\"  class=\"panel-grid-cell\" ><div id=\"panel-829-2-1-0\" class=\"so-panel widget widget_sow-editor panel-first-child panel-last-child\" data-index=\"3\" ><div class=\"iconLineTitle panel-widget-style panel-widget-style-for-829-2-1-0\" ><div\n\t\t\t\n\t\t\tclass=\"so-widget-sow-editor so-widget-sow-editor-base\"\n\t\t\t\n\t\t>\n<div class=\"siteorigin-widget-tinymce textwidget\">\n\t<p>Una conoscenza approfondita delle diverse attivit\u00e0 della logistica in Algeria<\/p>\n<\/div>\n<\/div><\/div><\/div><\/div><div id=\"pgc-829-2-2\"  class=\"panel-grid-cell\" ><div id=\"panel-829-2-2-0\" class=\"so-panel widget widget_sow-editor panel-first-child panel-last-child\" data-index=\"4\" ><div class=\"iconLineTexte panel-widget-style panel-widget-style-for-829-2-2-0\" ><div\n\t\t\t\n\t\t\tclass=\"so-widget-sow-editor so-widget-sow-editor-base\"\n\t\t\t\n\t\t>\n<div class=\"siteorigin-widget-tinymce textwidget\">\n\t<p>In Europa e in Algeria, i nostri team usufruiscono di una consolidata esperienza e di competenze riconosciute in tutta la catena logistica e nella normativa vigente, senza mai perdere di vista le formalit\u00e0 necessarie e specifiche al trasporto internazionale.<\/p>\n<\/div>\n<\/div><\/div><\/div><\/div><\/div><\/div><div id=\"pg-829-3\"  class=\"panel-grid panel-has-style\" ><div class=\"iconLineRow panel-row-style panel-row-style-for-829-3\" ><div id=\"pgc-829-3-0\"  class=\"panel-grid-cell\" ><div id=\"panel-829-3-0-0\" class=\"so-panel widget widget_sow-image panel-first-child panel-last-child\" data-index=\"5\" ><div\n\t\t\t\n\t\t\tclass=\"so-widget-sow-image so-widget-sow-image-default-8b5b6f678277-829\"\n\t\t\t\n\t\t>\n<div class=\"sow-image-container\">\n\t\t<img loading=\"lazy\" decoding=\"async\" src=\"https:\/\/globtrans.eu\/wp-content\/uploads\/2017\/08\/icon-red-douanes.png\" width=\"200\" height=\"200\" sizes=\"auto, (max-width: 200px) 100vw, 200px\" alt=\"\" \t\tclass=\"so-widget-image\"\/>\n\t<\/div>\n\n<\/div><\/div><\/div><div id=\"pgc-829-3-1\"  class=\"panel-grid-cell\" ><div id=\"panel-829-3-1-0\" class=\"so-panel widget widget_sow-editor panel-first-child panel-last-child\" data-index=\"6\" ><div class=\"iconLineTitle panel-widget-style panel-widget-style-for-829-3-1-0\" ><div\n\t\t\t\n\t\t\tclass=\"so-widget-sow-editor so-widget-sow-editor-base\"\n\t\t\t\n\t\t>\n<div class=\"siteorigin-widget-tinymce textwidget\">\n\t<p>Una perfetta conoscenza dei regimi doganali e dei vincoli in sede d\u2019importazione in Algeria<\/p>\n<\/div>\n<\/div><\/div><\/div><\/div><div id=\"pgc-829-3-2\"  class=\"panel-grid-cell\" ><div id=\"panel-829-3-2-0\" class=\"so-panel widget widget_sow-editor panel-first-child panel-last-child\" data-index=\"7\" ><div class=\"iconLineTexte panel-widget-style panel-widget-style-for-829-3-2-0\" ><div\n\t\t\t\n\t\t\tclass=\"so-widget-sow-editor so-widget-sow-editor-base\"\n\t\t\t\n\t\t>\n<div class=\"siteorigin-widget-tinymce textwidget\">\n\t<p>La corretta esecuzione di un\u2019esportazione verso l\u2019Algeria non si riassume alla semplice organizzazione del trasporto. Le formalit\u00e0 d\u2019importazione in Algeria sono complesse. Le nostre conoscenze e i nostri eccellenti rapporti professionali con le autorit\u00e0 portuali e doganali in Algeria rappresentano un valore aggiunto per i nostri clienti.<\/p>\n<\/div>\n<\/div><\/div><\/div><\/div><\/div><\/div><div id=\"pg-829-4\"  class=\"panel-grid panel-has-style\" ><div class=\"iconLineRow panel-row-style panel-row-style-for-829-4\" ><div id=\"pgc-829-4-0\"  class=\"panel-grid-cell\" ><div id=\"panel-829-4-0-0\" class=\"so-panel widget widget_sow-image panel-first-child panel-last-child\" data-index=\"8\" ><div\n\t\t\t\n\t\t\tclass=\"so-widget-sow-image so-widget-sow-image-default-8b5b6f678277-829\"\n\t\t\t\n\t\t>\n<div class=\"sow-image-container\">\n\t\t<img loading=\"lazy\" decoding=\"async\" src=\"https:\/\/globtrans.eu\/wp-content\/uploads\/2017\/08\/icon-red-captain.png\" width=\"200\" height=\"200\" sizes=\"auto, (max-width: 200px) 100vw, 200px\" alt=\"\" \t\tclass=\"so-widget-image\"\/>\n\t<\/div>\n\n<\/div><\/div><\/div><div id=\"pgc-829-4-1\"  class=\"panel-grid-cell\" ><div id=\"panel-829-4-1-0\" class=\"so-panel widget widget_sow-editor panel-first-child panel-last-child\" data-index=\"9\" ><div class=\"iconLineTitle panel-widget-style panel-widget-style-for-829-4-1-0\" ><div\n\t\t\t\n\t\t\tclass=\"so-widget-sow-editor so-widget-sow-editor-base\"\n\t\t\t\n\t\t>\n<div class=\"siteorigin-widget-tinymce textwidget\">\n\t<p>Devono inoltre essere considerati i vincoli del cliente importatore.<\/p>\n<\/div>\n<\/div><\/div><\/div><\/div><div id=\"pgc-829-4-2\"  class=\"panel-grid-cell\" ><div id=\"panel-829-4-2-0\" class=\"so-panel widget widget_sow-editor panel-first-child panel-last-child\" data-index=\"10\" ><div class=\"iconLineTexte panel-widget-style panel-widget-style-for-829-4-2-0\" ><div\n\t\t\t\n\t\t\tclass=\"so-widget-sow-editor so-widget-sow-editor-base\"\n\t\t\t\n\t\t>\n<div class=\"siteorigin-widget-tinymce textwidget\">\n\t<p>Infatti, le prime due formalit\u00e0 d\u2019importazione da espletare in Algeria (bancarie e del Ministero del Commercio per la conformit\u00e0 dei prodotti importati) sono a carico dell\u2019importatore. Globtrans lavora in House BL e BL FIATA allo scopo di mettere rapidamente a disposizione le polizze di carico in Algeria, perch\u00e9 i destinatari avviino le formalit\u00e0 bancarie nel pi\u00f9 breve tempo possibile. Le nostre competenze nelle formalit\u00e0 d\u2019importazione in Algeria costituiscono inoltre un vantaggio che Globtrans offre ai suoi clienti algerini ed europei.<\/p>\n<\/div>\n<\/div><\/div><\/div><\/div><\/div><\/div><div id=\"pg-829-5\"  class=\"panel-grid panel-has-style\" ><div class=\"globtainerLinkRow panel-row-style panel-row-style-for-829-5\" ><div id=\"pgc-829-5-0\"  class=\"panel-grid-cell\" ><div id=\"panel-829-5-0-0\" class=\"so-panel widget widget_sow-editor panel-first-child panel-last-child\" data-index=\"11\" ><div\n\t\t\t\n\t\t\tclass=\"so-widget-sow-editor so-widget-sow-editor-base\"\n\t\t\t\n\t\t>\n<div class=\"siteorigin-widget-tinymce textwidget\">\n\t<p><a href=\"https:\/\/globtainer.com\/\"><img loading=\"lazy\" decoding=\"async\" class=\"so-widget-image\" src=\"https:\/\/globtrans.eu\/wp-content\/uploads\/2017\/08\/logo-globtainer.png\" sizes=\"auto, (max-width: 400px) 100vw, 400px\" srcset=\"https:\/\/globtrans.eu\/wp-content\/uploads\/2017\/08\/logo-globtainer.png 400w, https:\/\/globtrans.eu\/wp-content\/uploads\/2017\/08\/logo-globtainer-300x75.png 300w\" width=\"400\" height=\"100\"><\/a><\/p>\n<\/div>\n<\/div><\/div><\/div><div id=\"pgc-829-5-1\"  class=\"panel-grid-cell\" ><div id=\"panel-829-5-1-0\" class=\"so-panel widget widget_sow-editor panel-first-child panel-last-child\" data-index=\"12\" ><div\n\t\t\t\n\t\t\tclass=\"so-widget-sow-editor so-widget-sow-editor-base\"\n\t\t\t\n\t\t>\n<div class=\"siteorigin-widget-tinymce textwidget\">\n\t<h2><strong>Il nostro partner in Algeria<\/strong><\/h2>\n<p><iframe loading=\"lazy\" title=\"GLOBTAINER LOGISTICS ALGERIA FILM INSTITUTIONNEL\" width=\"660\" height=\"371\" src=\"https:\/\/www.youtube.com\/embed\/GJYLzC2-2bg?feature=oembed\" frameborder=\"0\" allow=\"accelerometer; autoplay; clipboard-write; encrypted-media; gyroscope; picture-in-picture; web-share\" referrerpolicy=\"strict-origin-when-cross-origin\" allowfullscreen><\/iframe><\/p>\n<\/div>\n<\/div><\/div><\/div><\/div><\/div><div id=\"pg-829-6\"  class=\"panel-grid panel-has-style\" ><div class=\"pageHeaderMargin50 pageHeader panel-row-style panel-row-style-for-829-6\" ><div id=\"pgc-829-6-0\"  class=\"panel-grid-cell\" ><div id=\"panel-829-6-0-0\" class=\"so-panel widget widget_sow-editor panel-first-child panel-last-child\" data-index=\"13\" ><div\n\t\t\t\n\t\t\tclass=\"so-widget-sow-editor so-widget-sow-editor-base\"\n\t\t\t\n\t\t>\n<div class=\"siteorigin-widget-tinymce textwidget\">\n\t<h2>Servizi doganali, Informazioni, risorse<\/h2>\n<\/div>\n<\/div><\/div><\/div><\/div><\/div><div id=\"pg-829-7\"  class=\"panel-grid panel-has-style\" ><div class=\"linksIconsRow panel-row-style panel-row-style-for-829-7\" ><div id=\"pgc-829-7-0\"  class=\"panel-grid-cell\" ><div id=\"panel-829-7-0-0\" class=\"so-panel widget widget_sow-editor panel-first-child panel-last-child\" data-index=\"14\" ><div\n\t\t\t\n\t\t\tclass=\"so-widget-sow-editor so-widget-sow-editor-base\"\n\t\t\t\n\t\t>\n<div class=\"siteorigin-widget-tinymce textwidget\">\n\t<p><a href=\"http:\/\/www.douane.gov.dz\/Regime%20douaniers%20economiques.html\" target=\"_blank\" rel=\"noopener\"><span class=\"iconImg\"><img decoding=\"async\" src=\"https:\/\/globtrans.eu\/wp-content\/uploads\/2017\/08\/icon-douanes-algerie.png\" alt=\"\" \/><\/span><span class=\"iconTxt\">Regimi doganali economici in Algeria<\/span><\/a><\/p>\n<\/div>\n<\/div><\/div><\/div><div id=\"pgc-829-7-1\"  class=\"panel-grid-cell\" ><div id=\"panel-829-7-1-0\" class=\"so-panel widget widget_sow-editor panel-first-child panel-last-child\" data-index=\"15\" ><div\n\t\t\t\n\t\t\tclass=\"so-widget-sow-editor so-widget-sow-editor-base\"\n\t\t\t\n\t\t>\n<div class=\"siteorigin-widget-tinymce textwidget\">\n\t<p><a href=\"http:\/\/www.douane.gov.dz\/Transit.html\" target=\"_blank\" rel=\"noopener\"><span class=\"iconImg\"><img decoding=\"async\" src=\"https:\/\/globtrans.eu\/wp-content\/uploads\/2017\/08\/icon-camion.png\" alt=\"\" \/><\/span><span class=\"iconTxt\">Transito<\/span><\/a><\/p>\n<\/div>\n<\/div><\/div><\/div><div id=\"pgc-829-7-2\"  class=\"panel-grid-cell\" ><div id=\"panel-829-7-2-0\" class=\"so-panel widget widget_sow-editor panel-first-child panel-last-child\" data-index=\"16\" ><div\n\t\t\t\n\t\t\tclass=\"so-widget-sow-editor so-widget-sow-editor-base\"\n\t\t\t\n\t\t>\n<div class=\"siteorigin-widget-tinymce textwidget\">\n\t<p><a href=\"http:\/\/www.douane.gov.dz\/Admission%20temporaire.html\" target=\"_blank\" rel=\"noopener\"><span class=\"iconImg\"><img decoding=\"async\" src=\"https:\/\/globtrans.eu\/wp-content\/uploads\/2017\/08\/icon-calendrier.png\" alt=\"\" \/><\/span><span class=\"iconTxt\">Ammissioni temporanee<\/span><\/a><\/p>\n<\/div>\n<\/div><\/div><\/div><div id=\"pgc-829-7-3\"  class=\"panel-grid-cell\" ><div id=\"panel-829-7-3-0\" class=\"so-panel widget widget_sow-editor panel-first-child panel-last-child\" data-index=\"17\" ><div\n\t\t\t\n\t\t\tclass=\"so-widget-sow-editor so-widget-sow-editor-base\"\n\t\t\t\n\t\t>\n<div class=\"siteorigin-widget-tinymce textwidget\">\n\t<p><a href=\"http:\/\/www.douane.gov.dz\/Reapprovisionnement%20en%20franchise.html\" target=\"_blank\" rel=\"noopener\"><span class=\"iconImg\"><img decoding=\"async\" src=\"https:\/\/globtrans.eu\/wp-content\/uploads\/2017\/08\/icon-pile.png\" alt=\"\" \/><\/span><span class=\"iconTxt\">Riapprovvigionamento in franchising<\/span><\/a><\/p>\n<\/div>\n<\/div><\/div><\/div><div id=\"pgc-829-7-4\"  class=\"panel-grid-cell\" ><div id=\"panel-829-7-4-0\" class=\"so-panel widget widget_sow-editor panel-first-child panel-last-child\" data-index=\"18\" ><div\n\t\t\t\n\t\t\tclass=\"so-widget-sow-editor so-widget-sow-editor-base\"\n\t\t\t\n\t\t>\n<div class=\"siteorigin-widget-tinymce textwidget\">\n\t<p><a href=\"http:\/\/www.douane.gov.dz\/Entrepots.html\" target=\"_blank\" rel=\"noopener\"><span class=\"iconImg\"><img decoding=\"async\" src=\"https:\/\/globtrans.eu\/wp-content\/uploads\/2017\/08\/icon-entrepot.png\" alt=\"\" \/><\/span><span class=\"iconTxt\">Magazzini doganali<\/span><\/a><\/p>\n<\/div>\n<\/div><\/div><\/div><\/div><\/div><div id=\"pg-829-8\"  class=\"panel-grid panel-has-style\" ><div class=\"blockContact panel-row-style panel-row-style-for-829-8\" ><div id=\"pgc-829-8-0\"  class=\"panel-grid-cell\" ><div id=\"panel-829-8-0-0\" class=\"so-panel widget widget_sow-editor panel-first-child panel-last-child\" data-index=\"19\" ><div\n\t\t\t\n\t\t\tclass=\"so-widget-sow-editor so-widget-sow-editor-base\"\n\t\t\t\n\t\t>\n<div class=\"siteorigin-widget-tinymce textwidget\">\n\t<p style=\"text-align: center;\">Per maggiori informazioni o per ottenere un preventivo<\/p>\n<p style=\"text-align: center;\"><a href=\"https:\/\/globtrans.eu\/it\/contatti\/\" class=\"btn\"><span>CONTATTACI<\/span><\/a><\/p>\n<\/div>\n<\/div><\/div><\/div><\/div><\/div><\/div>","protected":false},"excerpt":{"rendered":"<p>Competenze in Algeria Globtrans, un operatore riconosciuto nel trasporto di merci destinate all\u2019Algeria Le nostre competenze nel campo delle spedizioni internazionali verso l\u2019Algeria si fonda sulla perfetta padronanza del nostro ambiente.<\/p>\n","protected":false},"author":1,"featured_media":0,"parent":0,"menu_order":4,"comment_status":"closed","ping_status":"closed","template":"","meta":{"footnotes":""},"class_list":["post-829","page","type-page","status-publish","hentry"],"yoast_head":"<!-- This site is optimized with the Yoast SEO plugin v24.5 - https:\/\/yoast.com\/wordpress\/plugins\/seo\/ -->\n<title>Competenze in Algeria - Globtrans<\/title>\n<meta name=\"robots\" content=\"index, follow, max-snippet:-1, max-image-preview:large, max-video-preview:-1\" \/>\n<link rel=\"canonical\" href=\"https:\/\/globtrans.eu\/expertise-algerie\/\" \/>\n<meta property=\"og:locale\" content=\"it_IT\" \/>\n<meta property=\"og:type\" content=\"article\" \/>\n<meta property=\"og:title\" content=\"Competenze in Algeria - Globtrans\" \/>\n<meta property=\"og:description\" content=\"Competenze in Algeria Globtrans, un operatore riconosciuto nel trasporto di merci destinate all\u2019Algeria Le nostre competenze nel campo delle spedizioni internazionali verso l\u2019Algeria si fonda sulla perfetta padronanza del nostro ambiente.\" \/>\n<meta property=\"og:url\" content=\"https:\/\/globtrans.eu\/expertise-algerie\/\" \/>\n<meta property=\"og:site_name\" content=\"Globtrans\" \/>\n<meta property=\"article:modified_time\" content=\"2018-04-25T08:43:07+00:00\" \/>\n<meta property=\"og:image\" content=\"https:\/\/globtrans.eu\/wp-content\/uploads\/2017\/08\/logo-globtainer.png\" \/>\n<meta name=\"twitter:card\" content=\"summary_large_image\" \/>\n<meta name=\"twitter:label1\" content=\"Tempo di lettura stimato\" \/>\n\t<meta name=\"twitter:data1\" content=\"2 minuti\" \/>\n<script type=\"application\/ld+json\" class=\"yoast-schema-graph\">{\"@context\":\"https:\/\/schema.org\",\"@graph\":[{\"@type\":\"WebPage\",\"@id\":\"https:\/\/globtrans.eu\/expertise-algerie\/\",\"url\":\"https:\/\/globtrans.eu\/expertise-algerie\/\",\"name\":\"Competenze in Algeria - Globtrans\",\"isPartOf\":{\"@id\":\"https:\/\/globtrans.eu\/#website\"},\"primaryImageOfPage\":{\"@id\":\"https:\/\/globtrans.eu\/expertise-algerie\/#primaryimage\"},\"image\":{\"@id\":\"https:\/\/globtrans.eu\/expertise-algerie\/#primaryimage\"},\"thumbnailUrl\":\"https:\/\/globtrans.eu\/wp-content\/uploads\/2017\/08\/logo-globtainer.png\",\"datePublished\":\"2018-04-25T08:21:00+00:00\",\"dateModified\":\"2018-04-25T08:43:07+00:00\",\"breadcrumb\":{\"@id\":\"https:\/\/globtrans.eu\/expertise-algerie\/#breadcrumb\"},\"inLanguage\":\"it-IT\",\"potentialAction\":[{\"@type\":\"ReadAction\",\"target\":[\"https:\/\/globtrans.eu\/expertise-algerie\/\"]}]},{\"@type\":\"ImageObject\",\"inLanguage\":\"it-IT\",\"@id\":\"https:\/\/globtrans.eu\/expertise-algerie\/#primaryimage\",\"url\":\"https:\/\/globtrans.eu\/wp-content\/uploads\/2017\/08\/logo-globtainer.png\",\"contentUrl\":\"https:\/\/globtrans.eu\/wp-content\/uploads\/2017\/08\/logo-globtainer.png\"},{\"@type\":\"BreadcrumbList\",\"@id\":\"https:\/\/globtrans.eu\/expertise-algerie\/#breadcrumb\",\"itemListElement\":[{\"@type\":\"ListItem\",\"position\":1,\"name\":\"Accueil\",\"item\":\"https:\/\/globtrans.eu\/it\/\"},{\"@type\":\"ListItem\",\"position\":2,\"name\":\"Competenze in Algeria\"}]},{\"@type\":\"WebSite\",\"@id\":\"https:\/\/globtrans.eu\/#website\",\"url\":\"https:\/\/globtrans.eu\/\",\"name\":\"Globtrans\",\"description\":\"Freight Forwarder\",\"potentialAction\":[{\"@type\":\"SearchAction\",\"target\":{\"@type\":\"EntryPoint\",\"urlTemplate\":\"https:\/\/globtrans.eu\/?s={search_term_string}\"},\"query-input\":{\"@type\":\"PropertyValueSpecification\",\"valueRequired\":true,\"valueName\":\"search_term_string\"}}],\"inLanguage\":\"it-IT\"}]}<\/script>\n<!-- \/ Yoast SEO plugin. -->","yoast_head_json":{"title":"Competenze in Algeria - Globtrans","robots":{"index":"index","follow":"follow","max-snippet":"max-snippet:-1","max-image-preview":"max-image-preview:large","max-video-preview":"max-video-preview:-1"},"canonical":"https:\/\/globtrans.eu\/expertise-algerie\/","og_locale":"it_IT","og_type":"article","og_title":"Competenze in Algeria - Globtrans","og_description":"Competenze in Algeria Globtrans, un operatore riconosciuto nel trasporto di merci destinate all\u2019Algeria Le nostre competenze nel campo delle spedizioni internazionali verso l\u2019Algeria si fonda sulla perfetta padronanza del nostro ambiente.","og_url":"https:\/\/globtrans.eu\/expertise-algerie\/","og_site_name":"Globtrans","article_modified_time":"2018-04-25T08:43:07+00:00","og_image":[{"url":"https:\/\/globtrans.eu\/wp-content\/uploads\/2017\/08\/logo-globtainer.png","type":"","width":"","height":""}],"twitter_card":"summary_large_image","twitter_misc":{"Tempo di lettura stimato":"2 minuti"},"schema":{"@context":"https:\/\/schema.org","@graph":[{"@type":"WebPage","@id":"https:\/\/globtrans.eu\/expertise-algerie\/","url":"https:\/\/globtrans.eu\/expertise-algerie\/","name":"Competenze in Algeria - Globtrans","isPartOf":{"@id":"https:\/\/globtrans.eu\/#website"},"primaryImageOfPage":{"@id":"https:\/\/globtrans.eu\/expertise-algerie\/#primaryimage"},"image":{"@id":"https:\/\/globtrans.eu\/expertise-algerie\/#primaryimage"},"thumbnailUrl":"https:\/\/globtrans.eu\/wp-content\/uploads\/2017\/08\/logo-globtainer.png","datePublished":"2018-04-25T08:21:00+00:00","dateModified":"2018-04-25T08:43:07+00:00","breadcrumb":{"@id":"https:\/\/globtrans.eu\/expertise-algerie\/#breadcrumb"},"inLanguage":"it-IT","potentialAction":[{"@type":"ReadAction","target":["https:\/\/globtrans.eu\/expertise-algerie\/"]}]},{"@type":"ImageObject","inLanguage":"it-IT","@id":"https:\/\/globtrans.eu\/expertise-algerie\/#primaryimage","url":"https:\/\/globtrans.eu\/wp-content\/uploads\/2017\/08\/logo-globtainer.png","contentUrl":"https:\/\/globtrans.eu\/wp-content\/uploads\/2017\/08\/logo-globtainer.png"},{"@type":"BreadcrumbList","@id":"https:\/\/globtrans.eu\/expertise-algerie\/#breadcrumb","itemListElement":[{"@type":"ListItem","position":1,"name":"Accueil","item":"https:\/\/globtrans.eu\/it\/"},{"@type":"ListItem","position":2,"name":"Competenze in Algeria"}]},{"@type":"WebSite","@id":"https:\/\/globtrans.eu\/#website","url":"https:\/\/globtrans.eu\/","name":"Globtrans","description":"Freight Forwarder","potentialAction":[{"@type":"SearchAction","target":{"@type":"EntryPoint","urlTemplate":"https:\/\/globtrans.eu\/?s={search_term_string}"},"query-input":{"@type":"PropertyValueSpecification","valueRequired":true,"valueName":"search_term_string"}}],"inLanguage":"it-IT"}]}},"_links":{"self":[{"href":"https:\/\/globtrans.eu\/it\/wp-json\/wp\/v2\/pages\/829","targetHints":{"allow":["GET"]}}],"collection":[{"href":"https:\/\/globtrans.eu\/it\/wp-json\/wp\/v2\/pages"}],"about":[{"href":"https:\/\/globtrans.eu\/it\/wp-json\/wp\/v2\/types\/page"}],"author":[{"embeddable":true,"href":"https:\/\/globtrans.eu\/it\/wp-json\/wp\/v2\/users\/1"}],"replies":[{"embeddable":true,"href":"https:\/\/globtrans.eu\/it\/wp-json\/wp\/v2\/comments?post=829"}],"version-history":[{"count":6,"href":"https:\/\/globtrans.eu\/it\/wp-json\/wp\/v2\/pages\/829\/revisions"}],"predecessor-version":[{"id":847,"href":"https:\/\/globtrans.eu\/it\/wp-json\/wp\/v2\/pages\/829\/revisions\/847"}],"wp:attachment":[{"href":"https:\/\/globtrans.eu\/it\/wp-json\/wp\/v2\/media?parent=829"}],"curies":[{"name":"wp","href":"https:\/\/api.w.org\/{rel}","templated":true}]}}