{"id":827,"date":"2018-04-25T10:20:35","date_gmt":"2018-04-25T08:20:35","guid":{"rendered":"https:\/\/globtrans.eu\/?page_id=827"},"modified":"2019-07-12T12:52:13","modified_gmt":"2019-07-12T10:52:13","slug":"societa","status":"publish","type":"page","link":"https:\/\/globtrans.eu\/it\/societa\/","title":{"rendered":"Societ\u00e0"},"content":{"rendered":"<div id=\"pl-827\"  class=\"panel-layout\" ><div id=\"pg-827-0\"  class=\"panel-grid panel-has-style\" ><div class=\"imageHeader panel-row-style panel-row-style-for-827-0\" ><div id=\"pgc-827-0-0\"  class=\"panel-grid-cell\" ><div id=\"panel-827-0-0-0\" class=\"so-panel widget widget_sow-image panel-first-child panel-last-child\" data-index=\"0\" ><div\n\t\t\t\n\t\t\tclass=\"so-widget-sow-image so-widget-sow-image-default-8b5b6f678277-827\"\n\t\t\t\n\t\t>\n<div class=\"sow-image-container\">\n\t\t<img loading=\"lazy\" decoding=\"async\" src=\"https:\/\/globtrans.eu\/wp-content\/uploads\/2017\/08\/societe-header.png\" width=\"1140\" height=\"480\" srcset=\"https:\/\/globtrans.eu\/wp-content\/uploads\/2017\/08\/societe-header.png 1140w, https:\/\/globtrans.eu\/wp-content\/uploads\/2017\/08\/societe-header-460x195.png 460w, https:\/\/globtrans.eu\/wp-content\/uploads\/2017\/08\/societe-header-300x126.png 300w, https:\/\/globtrans.eu\/wp-content\/uploads\/2017\/08\/societe-header-768x323.png 768w, https:\/\/globtrans.eu\/wp-content\/uploads\/2017\/08\/societe-header-1024x431.png 1024w\" sizes=\"auto, (max-width: 1140px) 100vw, 1140px\" alt=\"\" \t\tclass=\"so-widget-image\"\/>\n\t<\/div>\n\n<\/div><\/div><\/div><\/div><\/div><div id=\"pg-827-1\"  class=\"panel-grid panel-no-style\" ><div id=\"pgc-827-1-0\"  class=\"panel-grid-cell\" ><div id=\"panel-827-1-0-0\" class=\"so-panel widget widget_sow-editor panel-first-child panel-last-child\" data-index=\"1\" ><div\n\t\t\t\n\t\t\tclass=\"so-widget-sow-editor so-widget-sow-editor-base\"\n\t\t\t\n\t\t>\n<div class=\"siteorigin-widget-tinymce textwidget\">\n\t<p><strong>Globtrans \u00e8 un commissionario di trasporto indipendente, specializzato nel trasporto marittimo a destinazione dell\u2019Algeria<\/strong>. Globtrans \u00e8 stata creata nel 2003 per proporre agli importatori algerini soluzioni di trasporto internazionale efficaci.<\/p>\n<p><strong>Storicamente insediata in Francia, con sede a Marsiglia<\/strong>, Globtrans ha una filiale in Spagna (Madrid). Le nostre agenzie hanno una forte competenza Algeria. La nostra conoscenza del mercato algerino trae beneficio dalle altre competenze della nostra consociata Globtainer, che \u00e8 stabilita in diversi siti in Algeria.<\/p>\n<p>Specialista delle spedizioni verso l\u2019Algeria, Globtrans \u00e8 anche<strong> un freight forwarder presente in numerose altre destinazioni<\/strong>, principalmente verso i paesi del Mediterraneo, dell\u2019Africa e del Medio Oriente.<\/p>\n<\/div>\n<\/div><\/div><\/div><div id=\"pgc-827-1-1\"  class=\"panel-grid-cell\" ><div id=\"panel-827-1-1-0\" class=\"so-panel widget widget_sow-editor panel-first-child panel-last-child\" data-index=\"2\" ><div\n\t\t\t\n\t\t\tclass=\"so-widget-sow-editor so-widget-sow-editor-base\"\n\t\t\t\n\t\t>\n<div class=\"siteorigin-widget-tinymce textwidget\">\n\t<p><strong>Il nostro obiettivo strategico \u00e8 raggiungere il massimo livello di soddisfazione presso i nostri clienti. <\/strong>Ogni collaboratore di Globtrans fornisce il suo know-how, le sue competenze e il suo entusiasmo per fare di questo ambizioso obiettivo una realt\u00e0. \u00c8 anche grazie alla fedelt\u00e0 dei nostri clienti che preserviamo ci\u00f2 che distingue la nostra azienda, ovvero la qualit\u00e0 dei suoi servizi e il suo impegno a integrare e applicare pratiche socialmente responsabili.<\/p>\n<p><strong>I valori fondamentali<\/strong> sono i principi essenziali e sostenibili di un\u2019organizzazione. Sono anche un insieme di linee guida sempre d\u2019attualit\u00e0. Presso la nostra azienda, i nostri valori fondamentali sono:<\/p>\n<ul>\n<li><span style=\"color: #cb3131;\"><strong>La coscienza professionale<\/strong><\/span><\/li>\n<li><span style=\"color: #cb3131;\"><strong>L\u2019onest\u00e0<\/strong><\/span><\/li>\n<li><span style=\"color: #cb3131;\"><strong>La benevolenza<\/strong><\/span><\/li>\n<\/ul>\n<\/div>\n<\/div><\/div><\/div><\/div><div id=\"pg-827-2\"  class=\"panel-grid panel-has-style\" ><div class=\"pageHeaderMargin50 pageHeader panel-row-style panel-row-style-for-827-2\" ><div id=\"pgc-827-2-0\"  class=\"panel-grid-cell\" ><div id=\"panel-827-2-0-0\" class=\"so-panel widget widget_sow-editor panel-first-child panel-last-child\" data-index=\"3\" ><div\n\t\t\t\n\t\t\tclass=\"so-widget-sow-editor so-widget-sow-editor-base\"\n\t\t\t\n\t\t>\n<div class=\"siteorigin-widget-tinymce textwidget\">\n\t<p>\u00a0<\/p>\n<h2><strong>Strutture e mezzi<\/strong><\/h2>\n<\/div>\n<\/div><\/div><\/div><\/div><\/div><div id=\"pg-827-3\"  class=\"panel-grid panel-no-style\" ><div id=\"pgc-827-3-0\"  class=\"panel-grid-cell\" ><div id=\"panel-827-3-0-0\" class=\"so-panel widget widget_sow-editor panel-first-child\" data-index=\"4\" ><div\n\t\t\t\n\t\t\tclass=\"so-widget-sow-editor so-widget-sow-editor-base\"\n\t\t\t\n\t\t>\n<div class=\"siteorigin-widget-tinymce textwidget\">\n\t<h5><span style=\"color: #cb3131;\">Insediamento e perimetro geografico<\/span><\/h5>\n<p>I centri operativi di Globtrans sono situati a:<\/p>\n<\/div>\n<\/div><\/div><div id=\"panel-827-3-0-1\" class=\"so-panel widget widget_sow-editor\" data-index=\"5\" ><div\n\t\t\t\n\t\t\tclass=\"so-widget-sow-editor so-widget-sow-editor-base\"\n\t\t\t\n\t\t>\n<div class=\"siteorigin-widget-tinymce textwidget\">\n\t<p><div class=\"maplink\"><a href=\"https:\/\/globtrans.eu\/it\/contatti\/\"><i class=\"fa fa-map-marker\"><\/i><span class=\"maplinkCity\">Marsiglia<\/span><span class=\"maplinkCountry\">FRANCIA<\/span><\/a><\/div> <div class=\"maplink\"><a href=\"https:\/\/globtrans.eu\/it\/contatti\/\"><i class=\"fa fa-map-marker\"><\/i><span class=\"maplinkCity\">Algeri<\/span><span class=\"maplinkCountry\">ALGERIA<\/span><\/a><\/div>  <div class=\"maplink\"><a href=\"https:\/\/globtrans.eu\/it\/contatti\/\"><i class=\"fa fa-map-marker\"><\/i><span class=\"maplinkCity\">Barcellona<\/span><span class=\"maplinkCountry\">SPAGNA<\/span><\/a><\/div><\/p>\n<\/div>\n<\/div><\/div><div id=\"panel-827-3-0-2\" class=\"so-panel widget widget_sow-editor panel-last-child\" data-index=\"6\" ><div\n\t\t\t\n\t\t\tclass=\"so-widget-sow-editor so-widget-sow-editor-base\"\n\t\t\t\n\t\t>\n<div class=\"siteorigin-widget-tinymce textwidget\">\n\t<p>La nostra rete di agenti ci garantisce una presenza nei principali porti del nord dell\u2019Europa.<\/p>\n<\/div>\n<\/div><\/div><\/div><div id=\"pgc-827-3-1\"  class=\"panel-grid-cell\" ><div id=\"panel-827-3-1-0\" class=\"so-panel widget widget_sow-editor panel-first-child\" data-index=\"7\" ><div\n\t\t\t\n\t\t\tclass=\"so-widget-sow-editor so-widget-sow-editor-base\"\n\t\t\t\n\t\t>\n<div class=\"siteorigin-widget-tinymce textwidget\">\n\t<p>\u00a0<\/p>\n<h5><span style=\"color: #cb3131;\">Gestione delle competenze umane<\/span><\/h5>\n<p>In Globtrans, tutti i nostri clienti usufruiscono di competenze personalizzate e dedicate. Adattiamo le nostre risorse secondo i volumi d\u2019attivit\u00e0 dei nostri clienti allo scopo di mantenere un\u2019eccellenza operativa per una soddisfazione totale dei nostri clienti.<\/p>\n<p>Nel 2016, Globtrans ha ottenuto la certificazione Investors In People (IIP). IIP ha l\u2019obiettivo di migliorare la performance e la competitivit\u00e0 dell'azienda attraverso lo sviluppo del suo capitale umano. IIP parte dal principio che il capitale umano dell'azienda sia il motore del successo e costituisca una carta vincente concorrenziale importante.<\/p>\n<\/div>\n<\/div><\/div><div id=\"panel-827-3-1-1\" class=\"so-panel widget widget_sow-image panel-last-child\" data-index=\"8\" ><div\n\t\t\t\n\t\t\tclass=\"so-widget-sow-image so-widget-sow-image-default-8b5b6f678277-827\"\n\t\t\t\n\t\t>\n<div class=\"sow-image-container\">\n\t\t<img loading=\"lazy\" decoding=\"async\" src=\"https:\/\/globtrans.eu\/wp-content\/uploads\/2017\/08\/investor-in-people.png\" width=\"1200\" height=\"293\" srcset=\"https:\/\/globtrans.eu\/wp-content\/uploads\/2017\/08\/investor-in-people.png 1200w, https:\/\/globtrans.eu\/wp-content\/uploads\/2017\/08\/investor-in-people-300x73.png 300w, https:\/\/globtrans.eu\/wp-content\/uploads\/2017\/08\/investor-in-people-768x188.png 768w, https:\/\/globtrans.eu\/wp-content\/uploads\/2017\/08\/investor-in-people-1024x250.png 1024w\" sizes=\"auto, (max-width: 1200px) 100vw, 1200px\" alt=\"\" \t\tclass=\"so-widget-image\"\/>\n\t<\/div>\n\n<\/div><\/div><\/div><\/div><div id=\"pg-827-4\"  class=\"panel-grid panel-has-style\" ><div class=\"pageHeaderMargin50 panel-row-style panel-row-style-for-827-4\" ><div id=\"pgc-827-4-0\"  class=\"panel-grid-cell\" ><div id=\"panel-827-4-0-0\" class=\"so-panel widget widget_sow-editor panel-first-child panel-last-child\" data-index=\"9\" ><div class=\"pageHeader panel-widget-style panel-widget-style-for-827-4-0-0\" ><div\n\t\t\t\n\t\t\tclass=\"so-widget-sow-editor so-widget-sow-editor-base\"\n\t\t\t\n\t\t>\n<div class=\"siteorigin-widget-tinymce textwidget\">\n\t<h2>Sicurezza e ambiente<\/h2>\n<\/div>\n<\/div><\/div><\/div><\/div><\/div><\/div><div id=\"pg-827-5\"  class=\"panel-grid panel-no-style\" ><div id=\"pgc-827-5-0\"  class=\"panel-grid-cell\" ><div id=\"panel-827-5-0-0\" class=\"so-panel widget widget_sow-editor panel-first-child panel-last-child\" data-index=\"10\" ><div\n\t\t\t\n\t\t\tclass=\"so-widget-sow-editor so-widget-sow-editor-base\"\n\t\t\t\n\t\t>\n<div class=\"siteorigin-widget-tinymce textwidget\">\n\t<p>&nbsp;<\/p>\n<h5><span style=\"color: #cb3131;\">Sicurezza<\/span><\/h5>\n<p>Globtrans ha ottenuto lo status di operatore economico autorizzato (AEO) nell\u2019ottobre 2011, rinnovato nel 2015. Globtrans dispone della certificazione di livello 2 relativa alla sicurezza.<\/p>\n<\/div>\n<\/div><\/div><\/div><div id=\"pgc-827-5-1\"  class=\"panel-grid-cell\" ><div id=\"panel-827-5-1-0\" class=\"so-panel widget widget_sow-editor panel-first-child panel-last-child\" data-index=\"11\" ><div\n\t\t\t\n\t\t\tclass=\"so-widget-sow-editor so-widget-sow-editor-base\"\n\t\t\t\n\t\t>\n<div class=\"siteorigin-widget-tinymce textwidget\">\n\t<p><img loading=\"lazy\" decoding=\"async\" class=\"so-widget-image\" src=\"https:\/\/globtrans.eu\/wp-content\/uploads\/2017\/08\/AEO.png\" sizes=\"auto, (max-width: 225px) 100vw, 225px\" width=\"225\" height=\"150\"><\/p>\n<\/div>\n<\/div><\/div><\/div><\/div><div id=\"pg-827-6\"  class=\"panel-grid panel-no-style\" ><div id=\"pgc-827-6-0\"  class=\"panel-grid-cell\" ><div id=\"panel-827-6-0-0\" class=\"so-panel widget widget_sow-editor panel-first-child panel-last-child\" data-index=\"12\" ><div\n\t\t\t\n\t\t\tclass=\"so-widget-sow-editor so-widget-sow-editor-base\"\n\t\t\t\n\t\t>\n<div class=\"siteorigin-widget-tinymce textwidget\">\n\t<h5><span style=\"color: #cb3131;\">Ambiente<\/span><\/h5>\n<p>Nell\u2019ambito di una politica di sviluppo sostenibile, Globtrans s\u2019impegna a salvaguardare l'ambiente e a diminuire la sua impronta ambientale. A tal fine, ricorriamo a spedizionieri stradali i cui veicoli sono conformi alla normativa Euro 6 e che utilizzano un convertitore catalitico Euro 6 e AdBlue. Questa tecnologia permette di eliminare oltre il 30% delle emissioni di CO2. L\u201980% degli avvicinamenti terrestri \u00e8 effettuato tramite ferrovia fino al porto d\u2019imbarco. Questa modalit\u00e0 di inoltro ci permette di ridurre in modo considerevole le nostre emissioni di CO2.<\/p>\n<\/div>\n<\/div><\/div><\/div><div id=\"pgc-827-6-1\"  class=\"panel-grid-cell\" ><div id=\"panel-827-6-1-0\" class=\"so-panel widget widget_sow-editor panel-first-child panel-last-child\" data-index=\"13\" ><div\n\t\t\t\n\t\t\tclass=\"so-widget-sow-editor so-widget-sow-editor-base\"\n\t\t\t\n\t\t>\n<div class=\"siteorigin-widget-tinymce textwidget\">\n\t<p><img loading=\"lazy\" decoding=\"async\" class=\"so-widget-image\" src=\"https:\/\/globtrans.eu\/wp-content\/uploads\/2017\/08\/environnement.png\" sizes=\"auto, (max-width: 225px) 100vw, 225px\" width=\"225\" height=\"150\"><\/p>\n<\/div>\n<\/div><\/div><\/div><\/div><div id=\"pg-827-7\"  class=\"panel-grid panel-has-style\" ><div class=\"lightColorBox panel-row-style panel-row-style-for-827-7\" ><div id=\"pgc-827-7-0\"  class=\"panel-grid-cell\" ><div id=\"panel-827-7-0-0\" class=\"so-panel widget widget_sow-editor panel-first-child panel-last-child\" data-index=\"14\" ><div class=\"bigNumber panel-widget-style panel-widget-style-for-827-7-0-0\" ><div\n\t\t\t\n\t\t\tclass=\"so-widget-sow-editor so-widget-sow-editor-base\"\n\t\t\t\n\t\t>\n<div class=\"siteorigin-widget-tinymce textwidget\">\n\t<div class=\"numberPourcent\"><i class=\"fa fa-line-chart\"><\/i> <span class=\"numberItem numscroller\" data-min=\"1\" data-max=\"99\" data-delay=\"1\" data-increment=\"1\">99<\/span><span class=\"pourcentItem\">%<\/span><\/div>\n<\/div>\n<\/div><\/div><\/div><\/div><div id=\"pgc-827-7-1\"  class=\"panel-grid-cell\" ><div id=\"panel-827-7-1-0\" class=\"so-panel widget widget_sow-editor panel-first-child panel-last-child\" data-index=\"15\" ><div\n\t\t\t\n\t\t\tclass=\"so-widget-sow-editor so-widget-sow-editor-base\"\n\t\t\t\n\t\t>\n<div class=\"siteorigin-widget-tinymce textwidget\">\n\t<h5>dei nostri clienti si dichiara molto soddisfatto o soddisfatto della prestazione globale di Globtrans<br \/> (panel di 138 clienti)<\/h5>\n<a href=\"https:\/\/globtrans.eu\/it\/soddisfazione-del-cliente\/\" class=\"readMore\"><i class=\"fa fa-arrow-right\"><\/i> <span>VISUALIZZA L\u2019INCHIESTA DI SODDISFAZIONE CLIENTE<\/span><\/a>\n<\/div>\n<\/div><\/div><\/div><\/div><\/div><div id=\"pg-827-8\"  class=\"panel-grid panel-has-style\" ><div class=\"blockContact panel-row-style panel-row-style-for-827-8\" ><div id=\"pgc-827-8-0\"  class=\"panel-grid-cell\" ><div id=\"panel-827-8-0-0\" class=\"so-panel widget widget_sow-editor panel-first-child panel-last-child\" data-index=\"16\" ><div\n\t\t\t\n\t\t\tclass=\"so-widget-sow-editor so-widget-sow-editor-base\"\n\t\t\t\n\t\t>\n<div class=\"siteorigin-widget-tinymce textwidget\">\n\t<p style=\"text-align: center;\">Per maggiori informazioni o per ottenere un preventivo<\/p>\n<p style=\"text-align: center;\"><a href=\"https:\/\/globtrans.eu\/it\/contatti\/\" class=\"btn\"><span>CONTATTACI<\/span><\/a><\/p>\n<\/div>\n<\/div><\/div><\/div><\/div><\/div><\/div>","protected":false},"excerpt":{"rendered":"<p>Globtrans \u00e8 un commissionario di trasporto indipendente, specializzato nel trasporto marittimo a destinazione dell\u2019Algeria. Globtrans \u00e8 stata creata nel 2003 per proporre agli importatori algerini soluzioni di trasporto internazionale efficaci. Storicamente insediata in Francia, con sede a Marsiglia, Globtrans ha una filiale in Spagna (Madrid). Le nostre agenzie hanno una forte competenza Algeria. La nostra conoscenza del mercato algerino trae &hellip; <a href=\"https:\/\/globtrans.eu\/it\/societa\/\" class=\"more-link\">Continue reading <span class=\"screen-reader-text\">Societ\u00e0<\/span><\/a><\/p>\n","protected":false},"author":1,"featured_media":0,"parent":0,"menu_order":2,"comment_status":"closed","ping_status":"closed","template":"","meta":{"footnotes":""},"class_list":["post-827","page","type-page","status-publish","hentry"],"yoast_head":"<!-- This site is optimized with the Yoast SEO plugin v24.5 - https:\/\/yoast.com\/wordpress\/plugins\/seo\/ -->\n<title>Societ\u00e0 - Globtrans<\/title>\n<meta name=\"robots\" content=\"index, follow, max-snippet:-1, max-image-preview:large, max-video-preview:-1\" \/>\n<link rel=\"canonical\" href=\"https:\/\/globtrans.eu\/societe\/\" \/>\n<meta property=\"og:locale\" content=\"it_IT\" \/>\n<meta property=\"og:type\" content=\"article\" \/>\n<meta property=\"og:title\" content=\"Societ\u00e0 - Globtrans\" \/>\n<meta property=\"og:description\" content=\"Globtrans \u00e8 un commissionario di trasporto indipendente, specializzato nel trasporto marittimo a destinazione dell\u2019Algeria. Globtrans \u00e8 stata creata nel 2003 per proporre agli importatori algerini soluzioni di trasporto internazionale efficaci. Storicamente insediata in Francia, con sede a Marsiglia, Globtrans ha una filiale in Spagna (Madrid). Le nostre agenzie hanno una forte competenza Algeria. La nostra conoscenza del mercato algerino trae &hellip; Continue reading Societ\u00e0\" \/>\n<meta property=\"og:url\" content=\"https:\/\/globtrans.eu\/societe\/\" \/>\n<meta property=\"og:site_name\" content=\"Globtrans\" \/>\n<meta property=\"article:modified_time\" content=\"2019-07-12T10:52:13+00:00\" \/>\n<meta property=\"og:image\" content=\"https:\/\/globtrans.eu\/wp-content\/uploads\/2017\/08\/AEO.png\" \/>\n<meta name=\"twitter:card\" content=\"summary_large_image\" \/>\n<meta name=\"twitter:label1\" content=\"Tempo di lettura stimato\" \/>\n\t<meta name=\"twitter:data1\" content=\"3 minuti\" \/>\n<script type=\"application\/ld+json\" class=\"yoast-schema-graph\">{\"@context\":\"https:\/\/schema.org\",\"@graph\":[{\"@type\":\"WebPage\",\"@id\":\"https:\/\/globtrans.eu\/societe\/\",\"url\":\"https:\/\/globtrans.eu\/societe\/\",\"name\":\"Societ\u00e0 - Globtrans\",\"isPartOf\":{\"@id\":\"https:\/\/globtrans.eu\/#website\"},\"primaryImageOfPage\":{\"@id\":\"https:\/\/globtrans.eu\/societe\/#primaryimage\"},\"image\":{\"@id\":\"https:\/\/globtrans.eu\/societe\/#primaryimage\"},\"thumbnailUrl\":\"https:\/\/globtrans.eu\/wp-content\/uploads\/2017\/08\/AEO.png\",\"datePublished\":\"2018-04-25T08:20:35+00:00\",\"dateModified\":\"2019-07-12T10:52:13+00:00\",\"breadcrumb\":{\"@id\":\"https:\/\/globtrans.eu\/societe\/#breadcrumb\"},\"inLanguage\":\"it-IT\",\"potentialAction\":[{\"@type\":\"ReadAction\",\"target\":[\"https:\/\/globtrans.eu\/societe\/\"]}]},{\"@type\":\"ImageObject\",\"inLanguage\":\"it-IT\",\"@id\":\"https:\/\/globtrans.eu\/societe\/#primaryimage\",\"url\":\"https:\/\/globtrans.eu\/wp-content\/uploads\/2017\/08\/AEO.png\",\"contentUrl\":\"https:\/\/globtrans.eu\/wp-content\/uploads\/2017\/08\/AEO.png\"},{\"@type\":\"BreadcrumbList\",\"@id\":\"https:\/\/globtrans.eu\/societe\/#breadcrumb\",\"itemListElement\":[{\"@type\":\"ListItem\",\"position\":1,\"name\":\"Accueil\",\"item\":\"https:\/\/globtrans.eu\/it\/\"},{\"@type\":\"ListItem\",\"position\":2,\"name\":\"Societ\u00e0\"}]},{\"@type\":\"WebSite\",\"@id\":\"https:\/\/globtrans.eu\/#website\",\"url\":\"https:\/\/globtrans.eu\/\",\"name\":\"Globtrans\",\"description\":\"Freight Forwarder\",\"potentialAction\":[{\"@type\":\"SearchAction\",\"target\":{\"@type\":\"EntryPoint\",\"urlTemplate\":\"https:\/\/globtrans.eu\/?s={search_term_string}\"},\"query-input\":{\"@type\":\"PropertyValueSpecification\",\"valueRequired\":true,\"valueName\":\"search_term_string\"}}],\"inLanguage\":\"it-IT\"}]}<\/script>\n<!-- \/ Yoast SEO plugin. -->","yoast_head_json":{"title":"Societ\u00e0 - Globtrans","robots":{"index":"index","follow":"follow","max-snippet":"max-snippet:-1","max-image-preview":"max-image-preview:large","max-video-preview":"max-video-preview:-1"},"canonical":"https:\/\/globtrans.eu\/societe\/","og_locale":"it_IT","og_type":"article","og_title":"Societ\u00e0 - Globtrans","og_description":"Globtrans \u00e8 un commissionario di trasporto indipendente, specializzato nel trasporto marittimo a destinazione dell\u2019Algeria. Globtrans \u00e8 stata creata nel 2003 per proporre agli importatori algerini soluzioni di trasporto internazionale efficaci. Storicamente insediata in Francia, con sede a Marsiglia, Globtrans ha una filiale in Spagna (Madrid). Le nostre agenzie hanno una forte competenza Algeria. La nostra conoscenza del mercato algerino trae &hellip; Continue reading Societ\u00e0","og_url":"https:\/\/globtrans.eu\/societe\/","og_site_name":"Globtrans","article_modified_time":"2019-07-12T10:52:13+00:00","og_image":[{"url":"https:\/\/globtrans.eu\/wp-content\/uploads\/2017\/08\/AEO.png","type":"","width":"","height":""}],"twitter_card":"summary_large_image","twitter_misc":{"Tempo di lettura stimato":"3 minuti"},"schema":{"@context":"https:\/\/schema.org","@graph":[{"@type":"WebPage","@id":"https:\/\/globtrans.eu\/societe\/","url":"https:\/\/globtrans.eu\/societe\/","name":"Societ\u00e0 - Globtrans","isPartOf":{"@id":"https:\/\/globtrans.eu\/#website"},"primaryImageOfPage":{"@id":"https:\/\/globtrans.eu\/societe\/#primaryimage"},"image":{"@id":"https:\/\/globtrans.eu\/societe\/#primaryimage"},"thumbnailUrl":"https:\/\/globtrans.eu\/wp-content\/uploads\/2017\/08\/AEO.png","datePublished":"2018-04-25T08:20:35+00:00","dateModified":"2019-07-12T10:52:13+00:00","breadcrumb":{"@id":"https:\/\/globtrans.eu\/societe\/#breadcrumb"},"inLanguage":"it-IT","potentialAction":[{"@type":"ReadAction","target":["https:\/\/globtrans.eu\/societe\/"]}]},{"@type":"ImageObject","inLanguage":"it-IT","@id":"https:\/\/globtrans.eu\/societe\/#primaryimage","url":"https:\/\/globtrans.eu\/wp-content\/uploads\/2017\/08\/AEO.png","contentUrl":"https:\/\/globtrans.eu\/wp-content\/uploads\/2017\/08\/AEO.png"},{"@type":"BreadcrumbList","@id":"https:\/\/globtrans.eu\/societe\/#breadcrumb","itemListElement":[{"@type":"ListItem","position":1,"name":"Accueil","item":"https:\/\/globtrans.eu\/it\/"},{"@type":"ListItem","position":2,"name":"Societ\u00e0"}]},{"@type":"WebSite","@id":"https:\/\/globtrans.eu\/#website","url":"https:\/\/globtrans.eu\/","name":"Globtrans","description":"Freight Forwarder","potentialAction":[{"@type":"SearchAction","target":{"@type":"EntryPoint","urlTemplate":"https:\/\/globtrans.eu\/?s={search_term_string}"},"query-input":{"@type":"PropertyValueSpecification","valueRequired":true,"valueName":"search_term_string"}}],"inLanguage":"it-IT"}]}},"_links":{"self":[{"href":"https:\/\/globtrans.eu\/it\/wp-json\/wp\/v2\/pages\/827","targetHints":{"allow":["GET"]}}],"collection":[{"href":"https:\/\/globtrans.eu\/it\/wp-json\/wp\/v2\/pages"}],"about":[{"href":"https:\/\/globtrans.eu\/it\/wp-json\/wp\/v2\/types\/page"}],"author":[{"embeddable":true,"href":"https:\/\/globtrans.eu\/it\/wp-json\/wp\/v2\/users\/1"}],"replies":[{"embeddable":true,"href":"https:\/\/globtrans.eu\/it\/wp-json\/wp\/v2\/comments?post=827"}],"version-history":[{"count":16,"href":"https:\/\/globtrans.eu\/it\/wp-json\/wp\/v2\/pages\/827\/revisions"}],"predecessor-version":[{"id":1082,"href":"https:\/\/globtrans.eu\/it\/wp-json\/wp\/v2\/pages\/827\/revisions\/1082"}],"wp:attachment":[{"href":"https:\/\/globtrans.eu\/it\/wp-json\/wp\/v2\/media?parent=827"}],"curies":[{"name":"wp","href":"https:\/\/api.w.org\/{rel}","templated":true}]}}