{"id":891,"date":"2018-05-03T10:40:39","date_gmt":"2018-05-03T08:40:39","guid":{"rendered":"https:\/\/globtrans.eu\/?page_id=891"},"modified":"2019-07-12T12:48:28","modified_gmt":"2019-07-12T10:48:28","slug":"sociedad","status":"publish","type":"page","link":"https:\/\/globtrans.eu\/es\/sociedad\/","title":{"rendered":"Sociedad"},"content":{"rendered":"<div id=\"pl-891\"  class=\"panel-layout\" ><div id=\"pg-891-0\"  class=\"panel-grid panel-has-style\" ><div class=\"imageHeader panel-row-style panel-row-style-for-891-0\" ><div id=\"pgc-891-0-0\"  class=\"panel-grid-cell\" ><div id=\"panel-891-0-0-0\" class=\"so-panel widget widget_sow-image panel-first-child panel-last-child\" data-index=\"0\" ><div\n\t\t\t\n\t\t\tclass=\"so-widget-sow-image so-widget-sow-image-default-8b5b6f678277-891\"\n\t\t\t\n\t\t>\n<div class=\"sow-image-container\">\n\t\t<img loading=\"lazy\" decoding=\"async\" src=\"https:\/\/globtrans.eu\/wp-content\/uploads\/2017\/08\/societe-header.png\" width=\"1140\" height=\"480\" srcset=\"https:\/\/globtrans.eu\/wp-content\/uploads\/2017\/08\/societe-header.png 1140w, https:\/\/globtrans.eu\/wp-content\/uploads\/2017\/08\/societe-header-460x195.png 460w, https:\/\/globtrans.eu\/wp-content\/uploads\/2017\/08\/societe-header-300x126.png 300w, https:\/\/globtrans.eu\/wp-content\/uploads\/2017\/08\/societe-header-768x323.png 768w, https:\/\/globtrans.eu\/wp-content\/uploads\/2017\/08\/societe-header-1024x431.png 1024w\" sizes=\"auto, (max-width: 1140px) 100vw, 1140px\" alt=\"\" \t\tclass=\"so-widget-image\"\/>\n\t<\/div>\n\n<\/div><\/div><\/div><\/div><\/div><div id=\"pg-891-1\"  class=\"panel-grid panel-no-style\" ><div id=\"pgc-891-1-0\"  class=\"panel-grid-cell\" ><div id=\"panel-891-1-0-0\" class=\"so-panel widget widget_sow-editor panel-first-child panel-last-child\" data-index=\"1\" ><div\n\t\t\t\n\t\t\tclass=\"so-widget-sow-editor so-widget-sow-editor-base\"\n\t\t\t\n\t\t>\n<div class=\"siteorigin-widget-tinymce textwidget\">\n\t<p><strong>Globtrans es un comisionista de transporte independiente especialista en el transporte mar\u00edtimo con destino a Argelia<\/strong>. Globtrans se cre\u00f3 en 2003 para proponer a los importadores argelinos soluciones eficaces de transporte internacional.<\/p>\n<p><strong>Hist\u00f3ricamente establecida en Marsella (Francia)<\/strong>, Globtrans tiene una filial en Espa\u00f1a (Madrid). Nuestras agencias tienen una gran experiencia en Argelia. Nuestro conocimiento del mercado argelino se beneficia, entre otras habilidades, de nuestra compa\u00f1\u00eda hermana, Globtainer, que se establece en varios sitios en Argelia.<\/p>\n<p>Globtrans no solo es especialista en el transporte con destino a Argelia, sino que tambi\u00e9n es un\u00a0<strong>transitario presente en muchos otros destinos<\/strong>\u00a0principalmente hacia los pa\u00edses mediterr\u00e1neos, africanos y de Oriente Medio.<\/p>\n<\/div>\n<\/div><\/div><\/div><div id=\"pgc-891-1-1\"  class=\"panel-grid-cell\" ><div id=\"panel-891-1-1-0\" class=\"so-panel widget widget_sow-editor panel-first-child panel-last-child\" data-index=\"2\" ><div\n\t\t\t\n\t\t\tclass=\"so-widget-sow-editor so-widget-sow-editor-base\"\n\t\t\t\n\t\t>\n<div class=\"siteorigin-widget-tinymce textwidget\">\n\t<p><strong>Nuestro objetivo estrat\u00e9gico consiste en alcanzar el m\u00e1s alto nivel de satisfacci\u00f3n de nuestros clientes<\/strong>. Cada colaborador de Globtrans aporta su conocimiento, sus competencias y su entusiasmo para convertir este ambicioso objetivo en una realidad. La fidelidad de nuestros clientes tambi\u00e9n nos ayuda a preservar lo que mejor caracteriza a nuestra empresa, es decir, la calidad de sus servicios y su compromiso con la integraci\u00f3n y la aplicaci\u00f3n de pr\u00e1cticas socialmente responsables.<\/p>\n<p><strong>Los valores fundamentales<\/strong>\u00a0son los principios esenciales y duraderos de una organizaci\u00f3n. Tambi\u00e9n son un conjunto de principios directores intemporales. En el seno de nuestra empresa, nuestros valores fundamentales son:<\/p>\n<ul>\n<li><span style=\"color: #cb3131;\"><strong>La conciencia profesional<\/strong><\/span><\/li>\n<li><span style=\"color: #cb3131;\"><strong>La honradez<\/strong><\/span><\/li>\n<li><span style=\"color: #cb3131;\"><strong>La benevolencia<\/strong><\/span><\/li>\n<\/ul>\n<\/div>\n<\/div><\/div><\/div><\/div><div id=\"pg-891-2\"  class=\"panel-grid panel-has-style\" ><div class=\"pageHeaderMargin50 pageHeader panel-row-style panel-row-style-for-891-2\" ><div id=\"pgc-891-2-0\"  class=\"panel-grid-cell\" ><div id=\"panel-891-2-0-0\" class=\"so-panel widget widget_sow-editor panel-first-child panel-last-child\" data-index=\"3\" ><div\n\t\t\t\n\t\t\tclass=\"so-widget-sow-editor so-widget-sow-editor-base\"\n\t\t\t\n\t\t>\n<div class=\"siteorigin-widget-tinymce textwidget\">\n\t<h2>Estructuras y medios<\/h2>\n<\/div>\n<\/div><\/div><\/div><\/div><\/div><div id=\"pg-891-3\"  class=\"panel-grid panel-no-style\" ><div id=\"pgc-891-3-0\"  class=\"panel-grid-cell\" ><div id=\"panel-891-3-0-0\" class=\"so-panel widget widget_sow-editor panel-first-child\" data-index=\"4\" ><div\n\t\t\t\n\t\t\tclass=\"so-widget-sow-editor so-widget-sow-editor-base\"\n\t\t\t\n\t\t>\n<div class=\"siteorigin-widget-tinymce textwidget\">\n\t<h5><span style=\"color: #cb3131;\">Implantaciones y per\u00edmetro geogr\u00e1fico<\/span><\/h5>\n<p>Los centros operativos de Globtrans se localizan en:<\/p>\n<\/div>\n<\/div><\/div><div id=\"panel-891-3-0-1\" class=\"so-panel widget widget_sow-editor\" data-index=\"5\" ><div\n\t\t\t\n\t\t\tclass=\"so-widget-sow-editor so-widget-sow-editor-base\"\n\t\t\t\n\t\t>\n<div class=\"siteorigin-widget-tinymce textwidget\">\n\t<p><div class=\"maplink\"><a href=\"https:\/\/globtrans.eu\/es\/contacto\/\"><i class=\"fa fa-map-marker\"><\/i><span class=\"maplinkCity\">Marsella<\/span><span class=\"maplinkCountry\">Francia<\/span><\/a><\/div> <div class=\"maplink\"><a href=\"https:\/\/globtrans.eu\/es\/contacto\/\"><i class=\"fa fa-map-marker\"><\/i><span class=\"maplinkCity\">Argel<\/span><span class=\"maplinkCountry\">ARGELIA<\/span><\/a><\/div>  <div class=\"maplink\"><a href=\"https:\/\/globtrans.eu\/es\/contacto\/\"><i class=\"fa fa-map-marker\"><\/i><span class=\"maplinkCity\">Madrid<\/span><span class=\"maplinkCountry\">ESPA\u00d1A<\/span><\/a><\/div><\/p>\n<\/div>\n<\/div><\/div><div id=\"panel-891-3-0-2\" class=\"so-panel widget widget_sow-editor panel-last-child\" data-index=\"6\" ><div\n\t\t\t\n\t\t\tclass=\"so-widget-sow-editor so-widget-sow-editor-base\"\n\t\t\t\n\t\t>\n<div class=\"siteorigin-widget-tinymce textwidget\">\n\t<p>Nuestra red de agentes nos garantiza una presencia en los principales puertos del norte de Europa.<\/p>\n<\/div>\n<\/div><\/div><\/div><div id=\"pgc-891-3-1\"  class=\"panel-grid-cell\" ><div id=\"panel-891-3-1-0\" class=\"so-panel widget widget_sow-editor panel-first-child\" data-index=\"7\" ><div\n\t\t\t\n\t\t\tclass=\"so-widget-sow-editor so-widget-sow-editor-base\"\n\t\t\t\n\t\t>\n<div class=\"siteorigin-widget-tinymce textwidget\">\n\t<h5><span style=\"color: #cb3131;\">Gesti\u00f3n de las competencias humanas<\/span><\/h5>\n<p>En Globtrans, todos nuestros clientes disfrutan de una experiencia personalizada y dedicada. Adaptamos nuestros recursos seg\u00fan los vol\u00famenes de actividad de nuestros clientes de tal modo que mantengan una excelencia operativa para una satisfacci\u00f3n total de nuestros clientes.<\/p>\n<p>En 2016, Globtrans obtuvo la certificaci\u00f3n Investor In People (IIP). IIP tiene por objetivo mejorar el rendimiento y la competitividad de la empresa por el desarrollo de su capital humano. IIP parte del principio de que el capital humano de la empresa es el motor del \u00e9xito y que constituye una ventaja competitiva importante.<\/p>\n<\/div>\n<\/div><\/div><div id=\"panel-891-3-1-1\" class=\"so-panel widget widget_sow-image panel-last-child\" data-index=\"8\" ><div\n\t\t\t\n\t\t\tclass=\"so-widget-sow-image so-widget-sow-image-default-8b5b6f678277-891\"\n\t\t\t\n\t\t>\n<div class=\"sow-image-container\">\n\t\t<img loading=\"lazy\" decoding=\"async\" src=\"https:\/\/globtrans.eu\/wp-content\/uploads\/2017\/08\/investor-in-people.png\" width=\"1200\" height=\"293\" srcset=\"https:\/\/globtrans.eu\/wp-content\/uploads\/2017\/08\/investor-in-people.png 1200w, https:\/\/globtrans.eu\/wp-content\/uploads\/2017\/08\/investor-in-people-300x73.png 300w, https:\/\/globtrans.eu\/wp-content\/uploads\/2017\/08\/investor-in-people-768x188.png 768w, https:\/\/globtrans.eu\/wp-content\/uploads\/2017\/08\/investor-in-people-1024x250.png 1024w\" sizes=\"auto, (max-width: 1200px) 100vw, 1200px\" alt=\"\" \t\tclass=\"so-widget-image\"\/>\n\t<\/div>\n\n<\/div><\/div><\/div><\/div><div id=\"pg-891-4\"  class=\"panel-grid panel-has-style\" ><div class=\"pageHeaderMargin50 panel-row-style panel-row-style-for-891-4\" ><div id=\"pgc-891-4-0\"  class=\"panel-grid-cell\" ><div id=\"panel-891-4-0-0\" class=\"so-panel widget widget_sow-editor panel-first-child panel-last-child\" data-index=\"9\" ><div class=\"pageHeader panel-widget-style panel-widget-style-for-891-4-0-0\" ><div\n\t\t\t\n\t\t\tclass=\"so-widget-sow-editor so-widget-sow-editor-base\"\n\t\t\t\n\t\t>\n<div class=\"siteorigin-widget-tinymce textwidget\">\n\t<h2><strong>Seguridad y medio ambiente<\/strong><\/h2>\n<\/div>\n<\/div><\/div><\/div><\/div><\/div><\/div><div id=\"pg-891-5\"  class=\"panel-grid panel-no-style\" ><div id=\"pgc-891-5-0\"  class=\"panel-grid-cell\" ><div id=\"panel-891-5-0-0\" class=\"so-panel widget widget_sow-editor panel-first-child panel-last-child\" data-index=\"10\" ><div\n\t\t\t\n\t\t\tclass=\"so-widget-sow-editor so-widget-sow-editor-base\"\n\t\t\t\n\t\t>\n<div class=\"siteorigin-widget-tinymce textwidget\">\n\t<h5><span style=\"color: #cb3131;\">Seguridad<\/span><\/h5>\n<p>Globtrans obtuvo el estatuto operador econ\u00f3mico autorizado (OEA) en octubre de 2011 y le fue renovado en 2015. Globtrans dispone de la certificaci\u00f3n de nivel 2 vinculada a la seguridad y a la protecci\u00f3n.<\/p>\n<\/div>\n<\/div><\/div><\/div><div id=\"pgc-891-5-1\"  class=\"panel-grid-cell\" ><div id=\"panel-891-5-1-0\" class=\"so-panel widget widget_sow-editor panel-first-child panel-last-child\" data-index=\"11\" ><div\n\t\t\t\n\t\t\tclass=\"so-widget-sow-editor so-widget-sow-editor-base\"\n\t\t\t\n\t\t>\n<div class=\"siteorigin-widget-tinymce textwidget\">\n\t<p><img loading=\"lazy\" decoding=\"async\" class=\"so-widget-image\" src=\"https:\/\/globtrans.eu\/wp-content\/uploads\/2017\/08\/AEO.png\" sizes=\"auto, (max-width: 225px) 100vw, 225px\" width=\"225\" height=\"150\"><\/p>\n<\/div>\n<\/div><\/div><\/div><\/div><div id=\"pg-891-6\"  class=\"panel-grid panel-no-style\" ><div id=\"pgc-891-6-0\"  class=\"panel-grid-cell\" ><div id=\"panel-891-6-0-0\" class=\"so-panel widget widget_sow-editor panel-first-child panel-last-child\" data-index=\"12\" ><div\n\t\t\t\n\t\t\tclass=\"so-widget-sow-editor so-widget-sow-editor-base\"\n\t\t\t\n\t\t>\n<div class=\"siteorigin-widget-tinymce textwidget\">\n\t<h5><span style=\"color: #cb3131;\">Medio ambiente<\/span><\/h5>\n<p>En el marco de una pol\u00edtica de desarrollo sostenible, Globtrans se compromete a proteger el medio ambiente y a disminuir su huella medioambiental. Para ello, utilizamos transportistas por carretera cuyos veh\u00edculos est\u00e1n equipados con las normas Euro 6 que utilizan un convertidor catal\u00edtico Euro 6 y AdBlue. Esta t\u00e9cnica permite reducir m\u00e1s de un 30 % de las emisiones de CO2. Un 80 % de nuestros planteamientos terrestres son transportados por ferrocarril hasta el puerto de embarque. Este modo de pretransporte nos permite reducir de una manera significativa nuestras emisiones de CO2.<\/p>\n<\/div>\n<\/div><\/div><\/div><div id=\"pgc-891-6-1\"  class=\"panel-grid-cell\" ><div id=\"panel-891-6-1-0\" class=\"so-panel widget widget_sow-editor panel-first-child panel-last-child\" data-index=\"13\" ><div\n\t\t\t\n\t\t\tclass=\"so-widget-sow-editor so-widget-sow-editor-base\"\n\t\t\t\n\t\t>\n<div class=\"siteorigin-widget-tinymce textwidget\">\n\t<p><img loading=\"lazy\" decoding=\"async\" class=\"so-widget-image\" src=\"https:\/\/globtrans.eu\/wp-content\/uploads\/2017\/08\/environnement.png\" sizes=\"auto, (max-width: 225px) 100vw, 225px\" width=\"225\" height=\"150\"><\/p>\n<\/div>\n<\/div><\/div><\/div><\/div><div id=\"pg-891-7\"  class=\"panel-grid panel-has-style\" ><div class=\"lightColorBox panel-row-style panel-row-style-for-891-7\" ><div id=\"pgc-891-7-0\"  class=\"panel-grid-cell\" ><div id=\"panel-891-7-0-0\" class=\"so-panel widget widget_sow-editor panel-first-child panel-last-child\" data-index=\"14\" ><div class=\"bigNumber panel-widget-style panel-widget-style-for-891-7-0-0\" ><div\n\t\t\t\n\t\t\tclass=\"so-widget-sow-editor so-widget-sow-editor-base\"\n\t\t\t\n\t\t>\n<div class=\"siteorigin-widget-tinymce textwidget\">\n\t<div class=\"numberPourcent\"><i class=\"fa fa-line-chart\"><\/i> <span class=\"numberItem numscroller\" data-min=\"1\" data-max=\"99\" data-delay=\"1\" data-increment=\"1\">99<\/span><span class=\"pourcentItem\">%<\/span><\/div>\n<\/div>\n<\/div><\/div><\/div><\/div><div id=\"pgc-891-7-1\"  class=\"panel-grid-cell\" ><div id=\"panel-891-7-1-0\" class=\"so-panel widget widget_sow-editor panel-first-child panel-last-child\" data-index=\"15\" ><div\n\t\t\t\n\t\t\tclass=\"so-widget-sow-editor so-widget-sow-editor-base\"\n\t\t\t\n\t\t>\n<div class=\"siteorigin-widget-tinymce textwidget\">\n\t<h5><strong>de nuestros clientes se declararon muy satisfechos o satisfechos de la prestaci\u00f3n global de Globtrans<\/strong><br \/> (<strong>panel de 138 clientes<\/strong>)<\/h5>\n<a href=\"https:\/\/globtrans.eu\/es\/satisfaction-del-cliente\/\" class=\"readMore\"><i class=\"fa fa-arrow-right\"><\/i> <span>VER LA ENCUESTA DE SATISFACCI\u00d3N DEL CLIENTE<\/span><\/a>\n<\/div>\n<\/div><\/div><\/div><\/div><\/div><div id=\"pg-891-8\"  class=\"panel-grid panel-has-style\" ><div class=\"blockContact panel-row-style panel-row-style-for-891-8\" ><div id=\"pgc-891-8-0\"  class=\"panel-grid-cell\" ><div id=\"panel-891-8-0-0\" class=\"so-panel widget widget_sow-editor panel-first-child panel-last-child\" data-index=\"16\" ><div\n\t\t\t\n\t\t\tclass=\"so-widget-sow-editor so-widget-sow-editor-base\"\n\t\t\t\n\t\t>\n<div class=\"siteorigin-widget-tinymce textwidget\">\n\t<p style=\"text-align: center;\">\u00bfNecesita m\u00e1s informaci\u00f3n o un presupuesto?<\/p>\n<p style=\"text-align: center;\"><a href=\"https:\/\/globtrans.eu\/es\/contacto\/\" class=\"btn\"><span>CONT\u00c1CTENOS<\/span><\/a><\/p>\n<\/div>\n<\/div><\/div><\/div><\/div><\/div><\/div>","protected":false},"excerpt":{"rendered":"<p>Globtrans es un comisionista de transporte independiente especialista en el transporte mar\u00edtimo con destino a Argelia. Globtrans se cre\u00f3 en 2003 para proponer a los importadores argelinos soluciones eficaces de transporte internacional. Hist\u00f3ricamente establecida en Marsella (Francia), Globtrans tiene una filial en Espa\u00f1a (Madrid). Nuestras agencias tienen una gran experiencia en Argelia. Nuestro conocimiento del mercado argelino se beneficia, entre &hellip; <a href=\"https:\/\/globtrans.eu\/es\/sociedad\/\" class=\"more-link\">Continue reading <span class=\"screen-reader-text\">Sociedad<\/span><\/a><\/p>\n","protected":false},"author":1,"featured_media":0,"parent":0,"menu_order":2,"comment_status":"closed","ping_status":"closed","template":"","meta":{"footnotes":""},"class_list":["post-891","page","type-page","status-publish","hentry"],"yoast_head":"<!-- This site is optimized with the Yoast SEO plugin v24.5 - https:\/\/yoast.com\/wordpress\/plugins\/seo\/ -->\n<title>Sociedad - Globtrans<\/title>\n<meta name=\"robots\" content=\"index, follow, max-snippet:-1, max-image-preview:large, max-video-preview:-1\" \/>\n<link rel=\"canonical\" href=\"https:\/\/globtrans.eu\/societe\/\" \/>\n<meta property=\"og:locale\" content=\"es_ES\" \/>\n<meta property=\"og:type\" content=\"article\" \/>\n<meta property=\"og:title\" content=\"Sociedad - Globtrans\" \/>\n<meta property=\"og:description\" content=\"Globtrans es un comisionista de transporte independiente especialista en el transporte mar\u00edtimo con destino a Argelia. Globtrans se cre\u00f3 en 2003 para proponer a los importadores argelinos soluciones eficaces de transporte internacional. Hist\u00f3ricamente establecida en Marsella (Francia), Globtrans tiene una filial en Espa\u00f1a (Madrid). Nuestras agencias tienen una gran experiencia en Argelia. Nuestro conocimiento del mercado argelino se beneficia, entre &hellip; Continue reading Sociedad\" \/>\n<meta property=\"og:url\" content=\"https:\/\/globtrans.eu\/societe\/\" \/>\n<meta property=\"og:site_name\" content=\"Globtrans\" \/>\n<meta property=\"article:modified_time\" content=\"2019-07-12T10:48:28+00:00\" \/>\n<meta property=\"og:image\" content=\"https:\/\/globtrans.eu\/wp-content\/uploads\/2017\/08\/AEO.png\" \/>\n<meta name=\"twitter:card\" content=\"summary_large_image\" \/>\n<meta name=\"twitter:label1\" content=\"Tiempo de lectura\" \/>\n\t<meta name=\"twitter:data1\" content=\"3 minutos\" \/>\n<script type=\"application\/ld+json\" class=\"yoast-schema-graph\">{\"@context\":\"https:\/\/schema.org\",\"@graph\":[{\"@type\":\"WebPage\",\"@id\":\"https:\/\/globtrans.eu\/societe\/\",\"url\":\"https:\/\/globtrans.eu\/societe\/\",\"name\":\"Sociedad - Globtrans\",\"isPartOf\":{\"@id\":\"https:\/\/globtrans.eu\/#website\"},\"primaryImageOfPage\":{\"@id\":\"https:\/\/globtrans.eu\/societe\/#primaryimage\"},\"image\":{\"@id\":\"https:\/\/globtrans.eu\/societe\/#primaryimage\"},\"thumbnailUrl\":\"https:\/\/globtrans.eu\/wp-content\/uploads\/2017\/08\/AEO.png\",\"datePublished\":\"2018-05-03T08:40:39+00:00\",\"dateModified\":\"2019-07-12T10:48:28+00:00\",\"breadcrumb\":{\"@id\":\"https:\/\/globtrans.eu\/societe\/#breadcrumb\"},\"inLanguage\":\"es\",\"potentialAction\":[{\"@type\":\"ReadAction\",\"target\":[\"https:\/\/globtrans.eu\/societe\/\"]}]},{\"@type\":\"ImageObject\",\"inLanguage\":\"es\",\"@id\":\"https:\/\/globtrans.eu\/societe\/#primaryimage\",\"url\":\"https:\/\/globtrans.eu\/wp-content\/uploads\/2017\/08\/AEO.png\",\"contentUrl\":\"https:\/\/globtrans.eu\/wp-content\/uploads\/2017\/08\/AEO.png\"},{\"@type\":\"BreadcrumbList\",\"@id\":\"https:\/\/globtrans.eu\/societe\/#breadcrumb\",\"itemListElement\":[{\"@type\":\"ListItem\",\"position\":1,\"name\":\"Accueil\",\"item\":\"https:\/\/globtrans.eu\/es\/\"},{\"@type\":\"ListItem\",\"position\":2,\"name\":\"Sociedad\"}]},{\"@type\":\"WebSite\",\"@id\":\"https:\/\/globtrans.eu\/#website\",\"url\":\"https:\/\/globtrans.eu\/\",\"name\":\"Globtrans\",\"description\":\"Freight Forwarder\",\"potentialAction\":[{\"@type\":\"SearchAction\",\"target\":{\"@type\":\"EntryPoint\",\"urlTemplate\":\"https:\/\/globtrans.eu\/?s={search_term_string}\"},\"query-input\":{\"@type\":\"PropertyValueSpecification\",\"valueRequired\":true,\"valueName\":\"search_term_string\"}}],\"inLanguage\":\"es\"}]}<\/script>\n<!-- \/ Yoast SEO plugin. -->","yoast_head_json":{"title":"Sociedad - Globtrans","robots":{"index":"index","follow":"follow","max-snippet":"max-snippet:-1","max-image-preview":"max-image-preview:large","max-video-preview":"max-video-preview:-1"},"canonical":"https:\/\/globtrans.eu\/societe\/","og_locale":"es_ES","og_type":"article","og_title":"Sociedad - Globtrans","og_description":"Globtrans es un comisionista de transporte independiente especialista en el transporte mar\u00edtimo con destino a Argelia. Globtrans se cre\u00f3 en 2003 para proponer a los importadores argelinos soluciones eficaces de transporte internacional. Hist\u00f3ricamente establecida en Marsella (Francia), Globtrans tiene una filial en Espa\u00f1a (Madrid). Nuestras agencias tienen una gran experiencia en Argelia. Nuestro conocimiento del mercado argelino se beneficia, entre &hellip; Continue reading Sociedad","og_url":"https:\/\/globtrans.eu\/societe\/","og_site_name":"Globtrans","article_modified_time":"2019-07-12T10:48:28+00:00","og_image":[{"url":"https:\/\/globtrans.eu\/wp-content\/uploads\/2017\/08\/AEO.png","type":"","width":"","height":""}],"twitter_card":"summary_large_image","twitter_misc":{"Tiempo de lectura":"3 minutos"},"schema":{"@context":"https:\/\/schema.org","@graph":[{"@type":"WebPage","@id":"https:\/\/globtrans.eu\/societe\/","url":"https:\/\/globtrans.eu\/societe\/","name":"Sociedad - Globtrans","isPartOf":{"@id":"https:\/\/globtrans.eu\/#website"},"primaryImageOfPage":{"@id":"https:\/\/globtrans.eu\/societe\/#primaryimage"},"image":{"@id":"https:\/\/globtrans.eu\/societe\/#primaryimage"},"thumbnailUrl":"https:\/\/globtrans.eu\/wp-content\/uploads\/2017\/08\/AEO.png","datePublished":"2018-05-03T08:40:39+00:00","dateModified":"2019-07-12T10:48:28+00:00","breadcrumb":{"@id":"https:\/\/globtrans.eu\/societe\/#breadcrumb"},"inLanguage":"es","potentialAction":[{"@type":"ReadAction","target":["https:\/\/globtrans.eu\/societe\/"]}]},{"@type":"ImageObject","inLanguage":"es","@id":"https:\/\/globtrans.eu\/societe\/#primaryimage","url":"https:\/\/globtrans.eu\/wp-content\/uploads\/2017\/08\/AEO.png","contentUrl":"https:\/\/globtrans.eu\/wp-content\/uploads\/2017\/08\/AEO.png"},{"@type":"BreadcrumbList","@id":"https:\/\/globtrans.eu\/societe\/#breadcrumb","itemListElement":[{"@type":"ListItem","position":1,"name":"Accueil","item":"https:\/\/globtrans.eu\/es\/"},{"@type":"ListItem","position":2,"name":"Sociedad"}]},{"@type":"WebSite","@id":"https:\/\/globtrans.eu\/#website","url":"https:\/\/globtrans.eu\/","name":"Globtrans","description":"Freight Forwarder","potentialAction":[{"@type":"SearchAction","target":{"@type":"EntryPoint","urlTemplate":"https:\/\/globtrans.eu\/?s={search_term_string}"},"query-input":{"@type":"PropertyValueSpecification","valueRequired":true,"valueName":"search_term_string"}}],"inLanguage":"es"}]}},"_links":{"self":[{"href":"https:\/\/globtrans.eu\/es\/wp-json\/wp\/v2\/pages\/891","targetHints":{"allow":["GET"]}}],"collection":[{"href":"https:\/\/globtrans.eu\/es\/wp-json\/wp\/v2\/pages"}],"about":[{"href":"https:\/\/globtrans.eu\/es\/wp-json\/wp\/v2\/types\/page"}],"author":[{"embeddable":true,"href":"https:\/\/globtrans.eu\/es\/wp-json\/wp\/v2\/users\/1"}],"replies":[{"embeddable":true,"href":"https:\/\/globtrans.eu\/es\/wp-json\/wp\/v2\/comments?post=891"}],"version-history":[{"count":14,"href":"https:\/\/globtrans.eu\/es\/wp-json\/wp\/v2\/pages\/891\/revisions"}],"predecessor-version":[{"id":1078,"href":"https:\/\/globtrans.eu\/es\/wp-json\/wp\/v2\/pages\/891\/revisions\/1078"}],"wp:attachment":[{"href":"https:\/\/globtrans.eu\/es\/wp-json\/wp\/v2\/media?parent=891"}],"curies":[{"name":"wp","href":"https:\/\/api.w.org\/{rel}","templated":true}]}}