{"id":879,"date":"2018-05-03T10:28:47","date_gmt":"2018-05-03T08:28:47","guid":{"rendered":"https:\/\/globtrans.eu\/?page_id=879"},"modified":"2024-05-23T12:23:03","modified_gmt":"2024-05-23T10:23:03","slug":"satisfaction-del-cliente","status":"publish","type":"page","link":"https:\/\/globtrans.eu\/es\/satisfaction-del-cliente\/","title":{"rendered":"Satisfaction del Cliente"},"content":{"rendered":"<div id=\"pl-879\"  class=\"panel-layout\" ><div id=\"pg-879-0\"  class=\"panel-grid panel-has-style\" ><div class=\"imageTxtHeader panel-row-style panel-row-style-for-879-0\" ><div id=\"pgc-879-0-0\"  class=\"panel-grid-cell panel-grid-cell-mobile-last\" ><div id=\"panel-879-0-0-0\" class=\"so-panel widget widget_sow-editor panel-first-child panel-last-child\" data-index=\"0\" ><div\n\t\t\t\n\t\t\tclass=\"so-widget-sow-editor so-widget-sow-editor-base\"\n\t\t\t\n\t\t>\n<div class=\"siteorigin-widget-tinymce textwidget\">\n\t<p>\u00a0<\/p>\n<h1>Satisfaction del cliente<\/h1>\n<p>La coherencia, al esp\u00edritu de servicio y las competencias son esenciales para satisfacer a nuestros clientes.<\/p>\n<\/div>\n<\/div><\/div><\/div><div id=\"pgc-879-0-1\"  class=\"panel-grid-cell panel-grid-cell-empty\" ><\/div><\/div><\/div><div id=\"pg-879-1\"  class=\"panel-grid panel-has-style\" ><div class=\"subHeaderTxt panel-row-style panel-row-style-for-879-1\" ><div id=\"pgc-879-1-0\"  class=\"panel-grid-cell\" ><div id=\"panel-879-1-0-0\" class=\"so-panel widget widget_sow-editor panel-first-child panel-last-child\" data-index=\"1\" ><div\n\t\t\t\n\t\t\tclass=\"so-widget-sow-editor so-widget-sow-editor-base\"\n\t\t\t\n\t\t>\n<div class=\"siteorigin-widget-tinymce textwidget\">\n\t<h4 style=\"text-align: center;\">La calidad de nuestras prestaciones se apoya de un lado y del otro del Mediterr\u00e1neo en la experiencia y el compromiso de las mujeres y hombres a cargo de tratar sus expediciones.<\/h4>\n<\/div>\n<\/div><\/div><\/div><\/div><\/div><div id=\"pg-879-2\"  class=\"panel-grid panel-has-style\" ><div class=\"iconTextNumberRow panel-row-style panel-row-style-for-879-2\" ><div id=\"pgc-879-2-0\"  class=\"panel-grid-cell\" ><div id=\"panel-879-2-0-0\" class=\"so-panel widget widget_sow-image panel-first-child panel-last-child\" data-index=\"2\" ><div\n\t\t\t\n\t\t\tclass=\"so-widget-sow-image so-widget-sow-image-default-8b5b6f678277-879\"\n\t\t\t\n\t\t>\n<div class=\"sow-image-container\">\n\t\t<img loading=\"lazy\" decoding=\"async\" src=\"https:\/\/globtrans.eu\/wp-content\/uploads\/2017\/08\/icon-red-smile.png\" width=\"200\" height=\"200\" sizes=\"auto, (max-width: 200px) 100vw, 200px\" alt=\"\" \t\tclass=\"so-widget-image\"\/>\n\t<\/div>\n\n<\/div><\/div><\/div><div id=\"pgc-879-2-1\"  class=\"panel-grid-cell\" ><div id=\"panel-879-2-1-0\" class=\"so-panel widget widget_sow-editor panel-first-child panel-last-child\" data-index=\"3\" ><div class=\"iconLineTitle panel-widget-style panel-widget-style-for-879-2-1-0\" ><div\n\t\t\t\n\t\t\tclass=\"so-widget-sow-editor so-widget-sow-editor-base\"\n\t\t\t\n\t\t>\n<div class=\"siteorigin-widget-tinymce textwidget\">\n\t<p>Nuestros colaboradores son la pieza angular de nuestra estrategia de empresa ya que la satisfacci\u00f3n de nuestros clientes pasa por la satisfacci\u00f3n de nuestros colaboradores.<\/p>\n<\/div>\n<\/div><\/div><\/div><\/div><div id=\"pgc-879-2-2\"  class=\"panel-grid-cell\" ><div id=\"panel-879-2-2-0\" class=\"so-panel widget widget_sow-editor panel-first-child panel-last-child\" data-index=\"4\" ><div class=\"bigNumber panel-widget-style panel-widget-style-for-879-2-2-0\" ><div\n\t\t\t\n\t\t\tclass=\"so-widget-sow-editor so-widget-sow-editor-base\"\n\t\t\t\n\t\t>\n<div class=\"siteorigin-widget-tinymce textwidget\">\n\t<div class=\"numberPourcent\"><i class=\"fa fa-line-chart\"><\/i> <span class=\"numberItem numscroller\" data-min=\"1\" data-max=\"100\" data-delay=\"1\" data-increment=\"1\">100<\/span><span class=\"pourcentItem\">%<\/span><\/div>\n<p>de nuestros clientes se consideraron muy satisfechos o satisfechos de la prestaci\u00f3n global ofrecida<\/p>\n<\/div>\n<\/div><\/div><\/div><\/div><\/div><\/div><div id=\"pg-879-3\"  class=\"panel-grid panel-has-style\" ><div class=\"lightColorBox panel-row-style panel-row-style-for-879-3\" ><div id=\"pgc-879-3-0\"  class=\"panel-grid-cell\" ><div id=\"panel-879-3-0-0\" class=\"so-panel widget widget_sow-editor panel-first-child panel-last-child\" data-index=\"5\" ><div\n\t\t\t\n\t\t\tclass=\"so-widget-sow-editor so-widget-sow-editor-base\"\n\t\t\t\n\t\t>\n<div class=\"siteorigin-widget-tinymce textwidget\">\n\t<p>Estos cuatro \u00faltimos a\u00f1os han sido muchos los clientes que han respondido a nuestro cuestionario de encuesta de satisfacci\u00f3n. Su contribuci\u00f3n nos permite actualizar y\u00a0<strong>desarrollar acciones de progreso<\/strong>, sobre\u00a0<strong>ejes de mejora espec\u00edficos y concretos<\/strong>. Una gran mayor\u00eda de nuestros clientes, a saber un 90\u00a0% de aquellos con los cuales realizamos un 80\u00a0% de nuestro volumen de negocios, participa en nuestra encuesta.<\/p>\n<\/div>\n<\/div><\/div><\/div><div id=\"pgc-879-3-1\"  class=\"panel-grid-cell\" ><div id=\"panel-879-3-1-0\" class=\"so-panel widget widget_sow-editor panel-first-child panel-last-child\" data-index=\"6\" ><div\n\t\t\t\n\t\t\tclass=\"so-widget-sow-editor so-widget-sow-editor-base\"\n\t\t\t\n\t\t>\n<div class=\"siteorigin-widget-tinymce textwidget\">\n\t<p>Gracias a ellos,\u00a0<strong>disponemos de indicadores de rendimiento fiables y actualizados<\/strong>. Nos permiten establecer acciones correctivas para orientar nuestro trabajo hacia la mejora permanente con el objetivo de alcanzar \u00abcero defectos\u00bb. Nuestro compromiso de calidad se caracteriza por la instauraci\u00f3n de acciones preventivas para evitar la aparici\u00f3n de no conformidades. La evaluaci\u00f3n y la prevenci\u00f3n de riesgos se integran en la mejora continua de nuestros rendimientos.<\/p>\n<\/div>\n<\/div><\/div><\/div><\/div><\/div><div id=\"pg-879-4\"  class=\"panel-grid panel-has-style\" ><div class=\"yellowBox panel-row-style panel-row-style-for-879-4\" ><div id=\"pgc-879-4-0\"  class=\"panel-grid-cell panel-grid-cell-empty\" ><\/div><div id=\"pgc-879-4-1\"  class=\"panel-grid-cell panel-grid-cell-mobile-last\" ><div id=\"panel-879-4-1-0\" class=\"so-panel widget widget_sow-editor panel-first-child panel-last-child\" data-index=\"7\" ><div\n\t\t\t\n\t\t\tclass=\"so-widget-sow-editor so-widget-sow-editor-base\"\n\t\t\t\n\t\t>\n<div class=\"siteorigin-widget-tinymce textwidget\">\n\t<blockquote>\n<p style=\"text-align: center;\">La direcci\u00f3n y todos los empleados se comprometen en esta pol\u00edtica de calidad.<\/p>\n<\/blockquote>\n<\/div>\n<\/div><\/div><\/div><div id=\"pgc-879-4-2\"  class=\"panel-grid-cell panel-grid-cell-empty\" ><\/div><\/div><\/div><div id=\"pg-879-5\"  class=\"panel-grid panel-has-style\" ><div class=\"pageHeaderMargin50 panel-row-style panel-row-style-for-879-5\" ><div id=\"pgc-879-5-0\"  class=\"panel-grid-cell\" ><div id=\"panel-879-5-0-0\" class=\"so-panel widget widget_sow-editor panel-first-child panel-last-child\" data-index=\"8\" ><div\n\t\t\t\n\t\t\tclass=\"so-widget-sow-editor so-widget-sow-editor-base\"\n\t\t\t\n\t\t>\n<div class=\"siteorigin-widget-tinymce textwidget\">\n\t<div class=\"pageHeader\">\n<h2>Encuesta de satisfacci\u00f3n <span>RESULTADOS  2016<\/span><\/h2>\n<\/div>\n<p><span style=\"color: #cb3131;\"><strong>\u00ab M\u00e1s del 99 % de nuestros clientes (panel de 138 clientes) se expresaron muy satisfechos o satisfechos de la prestaci\u00f3n global de Globtrans \u00bb<\/strong><\/span><\/p>\n<\/div>\n<\/div><\/div><\/div><\/div><\/div><div id=\"pg-879-6\"  class=\"panel-grid panel-has-style\" ><div class=\"centerNumberCounters panel-row-style panel-row-style-for-879-6\" ><div id=\"pgc-879-6-0\"  class=\"panel-grid-cell\" ><div id=\"panel-879-6-0-0\" class=\"so-panel widget widget_sow-editor panel-first-child panel-last-child\" data-index=\"9\" ><div\n\t\t\t\n\t\t\tclass=\"so-widget-sow-editor so-widget-sow-editor-base\"\n\t\t\t\n\t\t>\n<div class=\"siteorigin-widget-tinymce textwidget\">\n\t<div class=\"numberPourcent\"><i class=\"fa fa-child\"><\/i> <span class=\"numberItem numscroller\" data-min=\"1\" data-max=\"100\" data-delay=\"1\" data-increment=\"1\">100<\/span><span class=\"pourcentItem\">%<\/span><\/div>\n<p>de nuestros clientes se consideraron muy satisfechos o satisfechos de la prestaci\u00f3n global ofrecida<\/p>\n<\/div>\n<\/div><\/div><\/div><div id=\"pgc-879-6-1\"  class=\"panel-grid-cell\" ><div id=\"panel-879-6-1-0\" class=\"so-panel widget widget_sow-editor panel-first-child panel-last-child\" data-index=\"10\" ><div\n\t\t\t\n\t\t\tclass=\"so-widget-sow-editor so-widget-sow-editor-base\"\n\t\t\t\n\t\t>\n<div class=\"siteorigin-widget-tinymce textwidget\">\n\t<div class=\"numberPourcent\"><i class=\"fa fa-comments\"><\/i> <span class=\"numberItem numscroller\" data-min=\"1\" data-max=\"100\" data-delay=\"1\" data-increment=\"1\">100<\/span><span class=\"pourcentItem\">%<\/span><\/div>\n<p>Calidad de la recepci\u00f3n<\/p>\n<\/div>\n<\/div><\/div><\/div><div id=\"pgc-879-6-2\"  class=\"panel-grid-cell\" ><div id=\"panel-879-6-2-0\" class=\"so-panel widget widget_sow-editor panel-first-child panel-last-child\" data-index=\"11\" ><div\n\t\t\t\n\t\t\tclass=\"so-widget-sow-editor so-widget-sow-editor-base\"\n\t\t\t\n\t\t>\n<div class=\"siteorigin-widget-tinymce textwidget\">\n\t<div class=\"numberPourcent\"><i class=\"fa fa-calendar\"><\/i> <span class=\"numberItem numscroller\" data-min=\"1\" data-max=\"100\" data-delay=\"1\" data-increment=\"1\">100<\/span><span class=\"pourcentItem\">%<\/span><\/div>\n<p>Plazos de entrega de las cotizaciones<\/p>\n<\/div>\n<\/div><\/div><\/div><div id=\"pgc-879-6-3\"  class=\"panel-grid-cell\" ><div id=\"panel-879-6-3-0\" class=\"so-panel widget widget_sow-editor panel-first-child panel-last-child\" data-index=\"12\" ><div\n\t\t\t\n\t\t\tclass=\"so-widget-sow-editor so-widget-sow-editor-base\"\n\t\t\t\n\t\t>\n<div class=\"siteorigin-widget-tinymce textwidget\">\n\t<div class=\"numberPourcent\"><i class=\"fa fa-thumbs-o-up\"><\/i> <span class=\"numberItem numscroller\" data-min=\"1\" data-max=\"100\" data-delay=\"1\" data-increment=\"1\">100<\/span><span class=\"pourcentItem\">%<\/span><\/div>\n<p>Fiabilidad de las informaciones transmitidas<\/p>\n<\/div>\n<\/div><\/div><\/div><\/div><\/div><div id=\"pg-879-7\"  class=\"panel-grid panel-has-style\" ><div class=\"centerNumberCounters panel-row-style panel-row-style-for-879-7\" ><div id=\"pgc-879-7-0\"  class=\"panel-grid-cell\" ><div id=\"panel-879-7-0-0\" class=\"so-panel widget widget_sow-editor panel-first-child panel-last-child\" data-index=\"13\" ><div\n\t\t\t\n\t\t\tclass=\"so-widget-sow-editor so-widget-sow-editor-base\"\n\t\t\t\n\t\t>\n<div class=\"siteorigin-widget-tinymce textwidget\">\n\t<div class=\"numberPourcent\"><i class=\"fa fa-dashboard\"><\/i> <span class=\"numberItem numscroller\" data-min=\"1\" data-max=\"98.2\" data-delay=\"1\" data-increment=\"1\">98.2<\/span><span class=\"pourcentItem\">%<\/span><\/div>\n<p>Reactividad y disponibilidad de nuestros colaboradores<\/p>\n<\/div>\n<\/div><\/div><\/div><div id=\"pgc-879-7-1\"  class=\"panel-grid-cell\" ><div id=\"panel-879-7-1-0\" class=\"so-panel widget widget_sow-editor panel-first-child panel-last-child\" data-index=\"14\" ><div\n\t\t\t\n\t\t\tclass=\"so-widget-sow-editor so-widget-sow-editor-base\"\n\t\t\t\n\t\t>\n<div class=\"siteorigin-widget-tinymce textwidget\">\n\t<div class=\"numberPourcent\"><i class=\"fa fa-file\"><\/i> <span class=\"numberItem numscroller\" data-min=\"1\" data-max=\"100\" data-delay=\"1\" data-increment=\"1\">100<\/span><span class=\"pourcentItem\">%<\/span><\/div>\n<p>Conformidad de los documentos expedidos<\/p>\n<\/div>\n<\/div><\/div><\/div><div id=\"pgc-879-7-2\"  class=\"panel-grid-cell panel-grid-cell-mobile-last\" ><div id=\"panel-879-7-2-0\" class=\"so-panel widget widget_sow-editor panel-first-child panel-last-child\" data-index=\"15\" ><div\n\t\t\t\n\t\t\tclass=\"so-widget-sow-editor so-widget-sow-editor-base\"\n\t\t\t\n\t\t>\n<div class=\"siteorigin-widget-tinymce textwidget\">\n\t<div class=\"numberPourcent\"><i class=\"fa fa-user-md\"><\/i> <span class=\"numberItem numscroller\" data-min=\"1\" data-max=\"96.4\" data-delay=\"1\" data-increment=\"1\">96.4<\/span><span class=\"pourcentItem\">%<\/span><\/div>\n<p>Gesti\u00f3n de las anomal\u00edas<\/p>\n<\/div>\n<\/div><\/div><\/div><div id=\"pgc-879-7-3\"  class=\"panel-grid-cell panel-grid-cell-empty\" ><\/div><\/div><\/div><div id=\"pg-879-8\"  class=\"panel-grid panel-has-style\" ><div class=\"lightColorBox panel-row-style panel-row-style-for-879-8\" ><div id=\"pgc-879-8-0\"  class=\"panel-grid-cell\" ><div id=\"panel-879-8-0-0\" class=\"so-panel widget widget_sow-editor panel-first-child panel-last-child\" data-index=\"16\" ><div\n\t\t\t\n\t\t\tclass=\"so-widget-sow-editor so-widget-sow-editor-base\"\n\t\t\t\n\t\t>\n<div class=\"siteorigin-widget-tinymce textwidget\">\n\t<h4 style=\"text-align: center;\">Qui\u00e9nes somos, estructura y medios, seguridad y medio ambiente\u2026<\/h4>\n<p style=\"text-align: center;\"><a href=\"https:\/\/globtrans.eu\/es\/sociedad\/\" class=\"btn\"><span>M\u00c1S INFORMACI\u00d3N SOBRE NUESTRA SOCIEDAD<\/span><\/a><\/p>\n<\/div>\n<\/div><\/div><\/div><\/div><\/div><div id=\"pg-879-9\"  class=\"panel-grid panel-has-style\" ><div class=\"blockContact panel-row-style panel-row-style-for-879-9\" ><div id=\"pgc-879-9-0\"  class=\"panel-grid-cell\" ><div id=\"panel-879-9-0-0\" class=\"so-panel widget widget_sow-editor panel-first-child panel-last-child\" data-index=\"17\" ><div\n\t\t\t\n\t\t\tclass=\"so-widget-sow-editor so-widget-sow-editor-base\"\n\t\t\t\n\t\t>\n<div class=\"siteorigin-widget-tinymce textwidget\">\n\t<p style=\"text-align: center;\">\u00bfNecesita m\u00e1s informaci\u00f3n o un presupuesto?<\/p>\n<p style=\"text-align: center;\"><a href=\"https:\/\/globtrans.eu\/es\/contacto\/\" class=\"btn\"><span>CONT\u00c1CTENOS<\/span><\/a><\/p>\n<\/div>\n<\/div><\/div><\/div><\/div><\/div><\/div>","protected":false},"excerpt":{"rendered":"<p>\u00a0 Satisfaction del cliente La coherencia, al esp\u00edritu de servicio y las competencias son esenciales para satisfacer a nuestros clientes. La calidad de nuestras prestaciones se apoya de un lado y del otro del Mediterr\u00e1neo en la experiencia y el compromiso de las mujeres y hombres a cargo de tratar sus expediciones.<\/p>\n","protected":false},"author":1,"featured_media":0,"parent":0,"menu_order":10,"comment_status":"closed","ping_status":"closed","template":"","meta":{"footnotes":""},"class_list":["post-879","page","type-page","status-publish","hentry"],"yoast_head":"<!-- This site is optimized with the Yoast SEO plugin v24.5 - https:\/\/yoast.com\/wordpress\/plugins\/seo\/ -->\n<title>Satisfaction del Cliente - Globtrans<\/title>\n<meta name=\"robots\" content=\"index, follow, max-snippet:-1, max-image-preview:large, max-video-preview:-1\" \/>\n<link rel=\"canonical\" href=\"https:\/\/globtrans.eu\/satisfaction-client\/\" \/>\n<meta property=\"og:locale\" content=\"es_ES\" \/>\n<meta property=\"og:type\" content=\"article\" \/>\n<meta property=\"og:title\" content=\"Satisfaction del Cliente - Globtrans\" \/>\n<meta property=\"og:description\" content=\"\u00a0 Satisfaction del cliente La coherencia, al esp\u00edritu de servicio y las competencias son esenciales para satisfacer a nuestros clientes. La calidad de nuestras prestaciones se apoya de un lado y del otro del Mediterr\u00e1neo en la experiencia y el compromiso de las mujeres y hombres a cargo de tratar sus expediciones.\" \/>\n<meta property=\"og:url\" content=\"https:\/\/globtrans.eu\/satisfaction-client\/\" \/>\n<meta property=\"og:site_name\" content=\"Globtrans\" \/>\n<meta property=\"article:modified_time\" content=\"2024-05-23T10:23:03+00:00\" \/>\n<meta name=\"twitter:card\" content=\"summary_large_image\" \/>\n<meta name=\"twitter:label1\" content=\"Tiempo de lectura\" \/>\n\t<meta name=\"twitter:data1\" content=\"2 minutos\" \/>\n<script type=\"application\/ld+json\" class=\"yoast-schema-graph\">{\"@context\":\"https:\/\/schema.org\",\"@graph\":[{\"@type\":\"WebPage\",\"@id\":\"https:\/\/globtrans.eu\/satisfaction-client\/\",\"url\":\"https:\/\/globtrans.eu\/satisfaction-client\/\",\"name\":\"Satisfaction del Cliente - Globtrans\",\"isPartOf\":{\"@id\":\"https:\/\/globtrans.eu\/#website\"},\"datePublished\":\"2018-05-03T08:28:47+00:00\",\"dateModified\":\"2024-05-23T10:23:03+00:00\",\"breadcrumb\":{\"@id\":\"https:\/\/globtrans.eu\/satisfaction-client\/#breadcrumb\"},\"inLanguage\":\"es\",\"potentialAction\":[{\"@type\":\"ReadAction\",\"target\":[\"https:\/\/globtrans.eu\/satisfaction-client\/\"]}]},{\"@type\":\"BreadcrumbList\",\"@id\":\"https:\/\/globtrans.eu\/satisfaction-client\/#breadcrumb\",\"itemListElement\":[{\"@type\":\"ListItem\",\"position\":1,\"name\":\"Accueil\",\"item\":\"https:\/\/globtrans.eu\/es\/\"},{\"@type\":\"ListItem\",\"position\":2,\"name\":\"Satisfaction del Cliente\"}]},{\"@type\":\"WebSite\",\"@id\":\"https:\/\/globtrans.eu\/#website\",\"url\":\"https:\/\/globtrans.eu\/\",\"name\":\"Globtrans\",\"description\":\"Freight Forwarder\",\"potentialAction\":[{\"@type\":\"SearchAction\",\"target\":{\"@type\":\"EntryPoint\",\"urlTemplate\":\"https:\/\/globtrans.eu\/?s={search_term_string}\"},\"query-input\":{\"@type\":\"PropertyValueSpecification\",\"valueRequired\":true,\"valueName\":\"search_term_string\"}}],\"inLanguage\":\"es\"}]}<\/script>\n<!-- \/ Yoast SEO plugin. -->","yoast_head_json":{"title":"Satisfaction del Cliente - Globtrans","robots":{"index":"index","follow":"follow","max-snippet":"max-snippet:-1","max-image-preview":"max-image-preview:large","max-video-preview":"max-video-preview:-1"},"canonical":"https:\/\/globtrans.eu\/satisfaction-client\/","og_locale":"es_ES","og_type":"article","og_title":"Satisfaction del Cliente - Globtrans","og_description":"\u00a0 Satisfaction del cliente La coherencia, al esp\u00edritu de servicio y las competencias son esenciales para satisfacer a nuestros clientes. La calidad de nuestras prestaciones se apoya de un lado y del otro del Mediterr\u00e1neo en la experiencia y el compromiso de las mujeres y hombres a cargo de tratar sus expediciones.","og_url":"https:\/\/globtrans.eu\/satisfaction-client\/","og_site_name":"Globtrans","article_modified_time":"2024-05-23T10:23:03+00:00","twitter_card":"summary_large_image","twitter_misc":{"Tiempo de lectura":"2 minutos"},"schema":{"@context":"https:\/\/schema.org","@graph":[{"@type":"WebPage","@id":"https:\/\/globtrans.eu\/satisfaction-client\/","url":"https:\/\/globtrans.eu\/satisfaction-client\/","name":"Satisfaction del Cliente - Globtrans","isPartOf":{"@id":"https:\/\/globtrans.eu\/#website"},"datePublished":"2018-05-03T08:28:47+00:00","dateModified":"2024-05-23T10:23:03+00:00","breadcrumb":{"@id":"https:\/\/globtrans.eu\/satisfaction-client\/#breadcrumb"},"inLanguage":"es","potentialAction":[{"@type":"ReadAction","target":["https:\/\/globtrans.eu\/satisfaction-client\/"]}]},{"@type":"BreadcrumbList","@id":"https:\/\/globtrans.eu\/satisfaction-client\/#breadcrumb","itemListElement":[{"@type":"ListItem","position":1,"name":"Accueil","item":"https:\/\/globtrans.eu\/es\/"},{"@type":"ListItem","position":2,"name":"Satisfaction del Cliente"}]},{"@type":"WebSite","@id":"https:\/\/globtrans.eu\/#website","url":"https:\/\/globtrans.eu\/","name":"Globtrans","description":"Freight Forwarder","potentialAction":[{"@type":"SearchAction","target":{"@type":"EntryPoint","urlTemplate":"https:\/\/globtrans.eu\/?s={search_term_string}"},"query-input":{"@type":"PropertyValueSpecification","valueRequired":true,"valueName":"search_term_string"}}],"inLanguage":"es"}]}},"_links":{"self":[{"href":"https:\/\/globtrans.eu\/es\/wp-json\/wp\/v2\/pages\/879","targetHints":{"allow":["GET"]}}],"collection":[{"href":"https:\/\/globtrans.eu\/es\/wp-json\/wp\/v2\/pages"}],"about":[{"href":"https:\/\/globtrans.eu\/es\/wp-json\/wp\/v2\/types\/page"}],"author":[{"embeddable":true,"href":"https:\/\/globtrans.eu\/es\/wp-json\/wp\/v2\/users\/1"}],"replies":[{"embeddable":true,"href":"https:\/\/globtrans.eu\/es\/wp-json\/wp\/v2\/comments?post=879"}],"version-history":[{"count":13,"href":"https:\/\/globtrans.eu\/es\/wp-json\/wp\/v2\/pages\/879\/revisions"}],"predecessor-version":[{"id":1268,"href":"https:\/\/globtrans.eu\/es\/wp-json\/wp\/v2\/pages\/879\/revisions\/1268"}],"wp:attachment":[{"href":"https:\/\/globtrans.eu\/es\/wp-json\/wp\/v2\/media?parent=879"}],"curies":[{"name":"wp","href":"https:\/\/api.w.org\/{rel}","templated":true}]}}