{"id":436,"date":"2017-08-23T12:10:53","date_gmt":"2017-08-23T10:10:53","guid":{"rendered":"http:\/\/globtrans.eu\/?page_id=436\/"},"modified":"2017-08-24T12:13:41","modified_gmt":"2017-08-24T10:13:41","slug":"bienvenida","status":"publish","type":"page","link":"https:\/\/globtrans.eu\/es\/","title":{"rendered":"Bienvenida"},"content":{"rendered":"<div id=\"pl-436\"  class=\"panel-layout\" ><div id=\"pg-436-0\"  class=\"panel-grid panel-has-style\" ><div class=\"imageTxtHeader panel-row-style panel-row-style-for-436-0\" ><div id=\"pgc-436-0-0\"  class=\"panel-grid-cell\" ><div id=\"panel-436-0-0-0\" class=\"so-panel widget widget_sow-editor panel-first-child panel-last-child\" data-index=\"0\" ><div\n\t\t\t\n\t\t\tclass=\"so-widget-sow-editor so-widget-sow-editor-base\"\n\t\t\t\n\t\t>\n<div class=\"siteorigin-widget-tinymce textwidget\">\n\t<h1 style=\"text-align: center;\">El transporte a Argelia <br \/>es nuestra especialidad.<\/h1>\n<p style=\"text-align: center;\"><span id=\"result_box\" class=\"\" lang=\"es\"><span class=\"\">Nuestro sitio web est\u00e1 en proceso de traducci\u00f3n.<\/span><br \/>Mientras tanto, puede ponerse en <a href=\"http:\/\/globtrans.eu\/contact\/\">contacto<\/a> con nosotros para obtener informaci\u00f3n<\/span>.<\/p>\n<\/div>\n<\/div><\/div><\/div><\/div><\/div><\/div>","protected":false},"excerpt":{"rendered":"<p>El transporte a Argelia es nuestra especialidad. Nuestro sitio web est\u00e1 en proceso de traducci\u00f3n.Mientras tanto, puede ponerse en contacto con nosotros para obtener informaci\u00f3n.<\/p>\n","protected":false},"author":1,"featured_media":0,"parent":0,"menu_order":1,"comment_status":"closed","ping_status":"closed","template":"page-templates\/home-page.php","meta":{"footnotes":""},"class_list":["post-436","page","type-page","status-publish","hentry"],"yoast_head":"<!-- This site is optimized with the Yoast SEO plugin v24.5 - https:\/\/yoast.com\/wordpress\/plugins\/seo\/ -->\n<title>Bienvenida - Globtrans<\/title>\n<meta name=\"robots\" content=\"index, follow, max-snippet:-1, max-image-preview:large, max-video-preview:-1\" \/>\n<link rel=\"canonical\" href=\"https:\/\/globtrans.eu\/es\/\" \/>\n<meta property=\"og:locale\" content=\"es_ES\" \/>\n<meta property=\"og:type\" content=\"article\" \/>\n<meta property=\"og:title\" content=\"Bienvenida - Globtrans\" \/>\n<meta property=\"og:description\" content=\"El transporte a Argelia es nuestra especialidad. Nuestro sitio web est\u00e1 en proceso de traducci\u00f3n.Mientras tanto, puede ponerse en contacto con nosotros para obtener informaci\u00f3n.\" \/>\n<meta property=\"og:url\" content=\"https:\/\/globtrans.eu\/es\/\" \/>\n<meta property=\"og:site_name\" content=\"Globtrans\" \/>\n<meta property=\"article:modified_time\" content=\"2017-08-24T10:13:41+00:00\" \/>\n<meta name=\"twitter:card\" content=\"summary_large_image\" \/>\n<script type=\"application\/ld+json\" class=\"yoast-schema-graph\">{\"@context\":\"https:\/\/schema.org\",\"@graph\":[{\"@type\":\"WebPage\",\"@id\":\"https:\/\/globtrans.eu\/es\/\",\"url\":\"https:\/\/globtrans.eu\/es\/\",\"name\":\"Bienvenida - Globtrans\",\"isPartOf\":{\"@id\":\"https:\/\/globtrans.eu\/#website\"},\"datePublished\":\"2017-08-23T10:10:53+00:00\",\"dateModified\":\"2017-08-24T10:13:41+00:00\",\"breadcrumb\":{\"@id\":\"https:\/\/globtrans.eu\/es\/#breadcrumb\"},\"inLanguage\":\"es\",\"potentialAction\":[{\"@type\":\"ReadAction\",\"target\":[\"https:\/\/globtrans.eu\/es\/\"]}]},{\"@type\":\"BreadcrumbList\",\"@id\":\"https:\/\/globtrans.eu\/es\/#breadcrumb\",\"itemListElement\":[{\"@type\":\"ListItem\",\"position\":1,\"name\":\"Accueil\",\"item\":\"https:\/\/globtrans.eu\/es\/\"},{\"@type\":\"ListItem\",\"position\":2,\"name\":\"Bienvenida\"}]},{\"@type\":\"WebSite\",\"@id\":\"https:\/\/globtrans.eu\/#website\",\"url\":\"https:\/\/globtrans.eu\/\",\"name\":\"Globtrans\",\"description\":\"Freight Forwarder\",\"potentialAction\":[{\"@type\":\"SearchAction\",\"target\":{\"@type\":\"EntryPoint\",\"urlTemplate\":\"https:\/\/globtrans.eu\/?s={search_term_string}\"},\"query-input\":{\"@type\":\"PropertyValueSpecification\",\"valueRequired\":true,\"valueName\":\"search_term_string\"}}],\"inLanguage\":\"es\"}]}<\/script>\n<!-- \/ Yoast SEO plugin. -->","yoast_head_json":{"title":"Bienvenida - Globtrans","robots":{"index":"index","follow":"follow","max-snippet":"max-snippet:-1","max-image-preview":"max-image-preview:large","max-video-preview":"max-video-preview:-1"},"canonical":"https:\/\/globtrans.eu\/es\/","og_locale":"es_ES","og_type":"article","og_title":"Bienvenida - Globtrans","og_description":"El transporte a Argelia es nuestra especialidad. Nuestro sitio web est\u00e1 en proceso de traducci\u00f3n.Mientras tanto, puede ponerse en contacto con nosotros para obtener informaci\u00f3n.","og_url":"https:\/\/globtrans.eu\/es\/","og_site_name":"Globtrans","article_modified_time":"2017-08-24T10:13:41+00:00","twitter_card":"summary_large_image","schema":{"@context":"https:\/\/schema.org","@graph":[{"@type":"WebPage","@id":"https:\/\/globtrans.eu\/es\/","url":"https:\/\/globtrans.eu\/es\/","name":"Bienvenida - Globtrans","isPartOf":{"@id":"https:\/\/globtrans.eu\/#website"},"datePublished":"2017-08-23T10:10:53+00:00","dateModified":"2017-08-24T10:13:41+00:00","breadcrumb":{"@id":"https:\/\/globtrans.eu\/es\/#breadcrumb"},"inLanguage":"es","potentialAction":[{"@type":"ReadAction","target":["https:\/\/globtrans.eu\/es\/"]}]},{"@type":"BreadcrumbList","@id":"https:\/\/globtrans.eu\/es\/#breadcrumb","itemListElement":[{"@type":"ListItem","position":1,"name":"Accueil","item":"https:\/\/globtrans.eu\/es\/"},{"@type":"ListItem","position":2,"name":"Bienvenida"}]},{"@type":"WebSite","@id":"https:\/\/globtrans.eu\/#website","url":"https:\/\/globtrans.eu\/","name":"Globtrans","description":"Freight Forwarder","potentialAction":[{"@type":"SearchAction","target":{"@type":"EntryPoint","urlTemplate":"https:\/\/globtrans.eu\/?s={search_term_string}"},"query-input":{"@type":"PropertyValueSpecification","valueRequired":true,"valueName":"search_term_string"}}],"inLanguage":"es"}]}},"_links":{"self":[{"href":"https:\/\/globtrans.eu\/es\/wp-json\/wp\/v2\/pages\/436","targetHints":{"allow":["GET"]}}],"collection":[{"href":"https:\/\/globtrans.eu\/es\/wp-json\/wp\/v2\/pages"}],"about":[{"href":"https:\/\/globtrans.eu\/es\/wp-json\/wp\/v2\/types\/page"}],"author":[{"embeddable":true,"href":"https:\/\/globtrans.eu\/es\/wp-json\/wp\/v2\/users\/1"}],"replies":[{"embeddable":true,"href":"https:\/\/globtrans.eu\/es\/wp-json\/wp\/v2\/comments?post=436"}],"version-history":[{"count":4,"href":"https:\/\/globtrans.eu\/es\/wp-json\/wp\/v2\/pages\/436\/revisions"}],"predecessor-version":[{"id":491,"href":"https:\/\/globtrans.eu\/es\/wp-json\/wp\/v2\/pages\/436\/revisions\/491"}],"wp:attachment":[{"href":"https:\/\/globtrans.eu\/es\/wp-json\/wp\/v2\/media?parent=436"}],"curies":[{"name":"wp","href":"https:\/\/api.w.org\/{rel}","templated":true}]}}